{"id":99,"date":"2022-02-21T20:11:31","date_gmt":"2022-02-21T19:11:31","guid":{"rendered":"https:\/\/spring-baechler.ch.univers.ch-meta.net\/?page_id=99"},"modified":"2022-03-25T19:30:18","modified_gmt":"2022-03-25T18:30:18","slug":"agrola-tankstelle","status":"publish","type":"page","link":"https:\/\/www.spring-baechler.ch\/?page_id=99","title":{"rendered":"AGROLA Tankstelle"},"content":{"rendered":"\n<p class=\"has-text-align-center\">Mit der AGROLA energy card k\u00f6nnen Sie rund um die Uhr auftanken. Dies an \u00fcber 400 AGROLA Tankstellen in der Schweiz. <br>Unsere moderne Tankstellen-Anlage steht Ihnen Tag und Nacht zur Verf\u00fcgung.<\/p>\n\n\n\n<div class=\"wp-block-image\"><figure class=\"aligncenter size-large\"><a href=\"https:\/\/www.spring-baechler.ch\/wp-content\/uploads\/2022\/03\/AGROLA_Tankstelle_2022.jpg\" target=\"_blank\" rel=\"noopener\"><img loading=\"lazy\" decoding=\"async\" width=\"1024\" height=\"484\" src=\"https:\/\/www.spring-baechler.ch\/wp-content\/uploads\/2022\/03\/AGROLA_Tankstelle_2022-1024x484.jpg\" alt=\"\" class=\"wp-image-850\" srcset=\"https:\/\/www.spring-baechler.ch\/wp-content\/uploads\/2022\/03\/AGROLA_Tankstelle_2022-1024x484.jpg 1024w, https:\/\/www.spring-baechler.ch\/wp-content\/uploads\/2022\/03\/AGROLA_Tankstelle_2022-300x142.jpg 300w, https:\/\/www.spring-baechler.ch\/wp-content\/uploads\/2022\/03\/AGROLA_Tankstelle_2022-768x363.jpg 768w, https:\/\/www.spring-baechler.ch\/wp-content\/uploads\/2022\/03\/AGROLA_Tankstelle_2022-1536x726.jpg 1536w, https:\/\/www.spring-baechler.ch\/wp-content\/uploads\/2022\/03\/AGROLA_Tankstelle_2022.jpg 1920w\" sizes=\"auto, (max-width: 1024px) 100vw, 1024px\" \/><\/a><\/figure><\/div>\n\n\n\n<p class=\"has-text-align-center\">Klicken Sie auf das AGROLA Logo um direkt Ihre pers\u00f6nliche energy card online zu bestellen.<\/p>\n\n\n\n<div class=\"wp-block-image\"><figure class=\"aligncenter size-large is-resized\"><a href=\"http:\/\/www.landisense-duedingen.ch\/agrola\/energy-card\" target=\"_blank\" rel=\"noopener\"><img loading=\"lazy\" decoding=\"async\" src=\"https:\/\/www.spring-baechler.ch\/wp-content\/uploads\/2022\/03\/logo_agrola-1024x315.png\" alt=\"\" class=\"wp-image-949\" width=\"512\" height=\"158\" title=\"Bestellen Sie gleich ihre Agrola energy card ...\" srcset=\"https:\/\/www.spring-baechler.ch\/wp-content\/uploads\/2022\/03\/logo_agrola-1024x315.png 1024w, https:\/\/www.spring-baechler.ch\/wp-content\/uploads\/2022\/03\/logo_agrola-300x92.png 300w, https:\/\/www.spring-baechler.ch\/wp-content\/uploads\/2022\/03\/logo_agrola-768x236.png 768w, https:\/\/www.spring-baechler.ch\/wp-content\/uploads\/2022\/03\/logo_agrola.png 1535w\" sizes=\"auto, (max-width: 512px) 100vw, 512px\" \/><\/a><\/figure><\/div>\n\n\n\n<p><\/p>\n","protected":false},"excerpt":{"rendered":"<p>Mit der AGROLA energy card k\u00f6nnen Sie rund um die Uhr auftanken. Dies an \u00fcber 400 AGROLA Tankstellen in der Schweiz. Unsere moderne Tankstellen-Anlage steht Ihnen Tag und Nacht zur Verf\u00fcgung. Klicken Sie auf das AGROLA Logo um direkt Ihre pers\u00f6nliche energy card online zu bestellen.<\/p>\n","protected":false},"author":1,"featured_media":0,"parent":0,"menu_order":60,"comment_status":"closed","ping_status":"closed","template":"","meta":{"ngg_post_thumbnail":0,"footnotes":""},"class_list":["post-99","page","type-page","status-publish","hentry"],"_links":{"self":[{"href":"https:\/\/www.spring-baechler.ch\/index.php?rest_route=\/wp\/v2\/pages\/99","targetHints":{"allow":["GET"]}}],"collection":[{"href":"https:\/\/www.spring-baechler.ch\/index.php?rest_route=\/wp\/v2\/pages"}],"about":[{"href":"https:\/\/www.spring-baechler.ch\/index.php?rest_route=\/wp\/v2\/types\/page"}],"author":[{"embeddable":true,"href":"https:\/\/www.spring-baechler.ch\/index.php?rest_route=\/wp\/v2\/users\/1"}],"replies":[{"embeddable":true,"href":"https:\/\/www.spring-baechler.ch\/index.php?rest_route=%2Fwp%2Fv2%2Fcomments&post=99"}],"version-history":[{"count":0,"href":"https:\/\/www.spring-baechler.ch\/index.php?rest_route=\/wp\/v2\/pages\/99\/revisions"}],"wp:attachment":[{"href":"https:\/\/www.spring-baechler.ch\/index.php?rest_route=%2Fwp%2Fv2%2Fmedia&parent=99"}],"curies":[{"name":"wp","href":"https:\/\/api.w.org\/{rel}","templated":true}]}}