{"id":95,"date":"2022-02-21T20:09:56","date_gmt":"2022-02-21T19:09:56","guid":{"rendered":"https:\/\/spring-baechler.ch.univers.ch-meta.net\/?page_id=95"},"modified":"2024-10-10T10:34:32","modified_gmt":"2024-10-10T08:34:32","slug":"service-angebote","status":"publish","type":"page","link":"https:\/\/www.spring-baechler.ch\/?page_id=95","title":{"rendered":"Leistungs-Angebote"},"content":{"rendered":"\n<div style=\"height:30px\" aria-hidden=\"true\" class=\"wp-block-spacer\"><\/div>\n\n\n\n<div class=\"wp-block-columns is-layout-flex wp-container-core-columns-is-layout-9d6595d7 wp-block-columns-is-layout-flex\">\n<div class=\"wp-block-column is-layout-flow wp-block-column-is-layout-flow\">\n<figure class=\"wp-block-image size-full\"><a href=\"https:\/\/www.spring-baechler.ch\/wp-content\/uploads\/2024\/10\/team_spring-baechler-ag.jpg\" target=\"_blank\" rel=\"noopener\"><img loading=\"lazy\" decoding=\"async\" width=\"1920\" height=\"1354\" src=\"https:\/\/www.spring-baechler.ch\/wp-content\/uploads\/2024\/10\/team_spring-baechler-ag.jpg\" alt=\"\" class=\"wp-image-1489\" srcset=\"https:\/\/www.spring-baechler.ch\/wp-content\/uploads\/2024\/10\/team_spring-baechler-ag.jpg 1920w, https:\/\/www.spring-baechler.ch\/wp-content\/uploads\/2024\/10\/team_spring-baechler-ag-600x423.jpg 600w, https:\/\/www.spring-baechler.ch\/wp-content\/uploads\/2024\/10\/team_spring-baechler-ag-768x542.jpg 768w, https:\/\/www.spring-baechler.ch\/wp-content\/uploads\/2024\/10\/team_spring-baechler-ag-1536x1083.jpg 1536w\" sizes=\"auto, (max-width: 1920px) 100vw, 1920px\" \/><\/a><\/figure>\n<\/div>\n\n\n\n<div class=\"wp-block-column is-layout-flow wp-block-column-is-layout-flow\">\n<p>Die&nbsp;ausgewiesenen Kompetenzen und die fachliche Erfahrung unserer Mitarbeitenden, ein vertrauensvolles Netzwerk an bew\u00e4hrten Partnern, sowie unsere moderne technische Ausr\u00fcstung&nbsp;garantieren einen Vollservice in allen Belangen rund um ihr Fahrzeug. Unsere Mitarbeitende nehmen regelm\u00e4ssig an Weiterbildungen&nbsp;teil. Damit haben Sie die Gew\u00e4hr, dass ihr Fahrzeug stets einsatzbereit ist und auch immer Freude bereitet. Daf\u00fcr setzen wir uns ein.&nbsp;<\/p>\n<\/div>\n<\/div>\n\n\n\n<p class=\"has-large-font-size\">Verkauf von Nutzfahrzeugen<\/p>\n\n\n\n<div class=\"wp-block-columns is-layout-flex wp-container-core-columns-is-layout-9d6595d7 wp-block-columns-is-layout-flex\">\n<div class=\"wp-block-column is-layout-flow wp-block-column-is-layout-flow\">\n<ul class=\"wp-block-list bullet-liste\">\n<li>Verkauf von Neufahrzeugen<\/li>\n\n\n\n<li>Verkauf von Gebrauchtfahrzeugen<\/li>\n\n\n\n<li>Eintausch von Fahrzeugen <\/li>\n<\/ul>\n\n\n\n<p>Rufen Sie uns an, wir beraten Sie gerne in allen Einzelheiten und unterst\u00fctzen Sie f\u00fcr ihre bevorstehende Anschaffung.<\/p>\n<\/div>\n\n\n\n<div class=\"wp-block-column is-layout-flow wp-block-column-is-layout-flow\">\n<p>Ansprechpartner:<\/p>\n\n\n\n<p><strong><em>Reto B\u00e4chler<\/em><\/strong><\/p>\n\n\n\n<p>Telefon: +41 (0)26 494 22 75<\/p>\n\n\n\n<p>E-Mail:  reto.baechler@spring-baechler.ch<\/p>\n<\/div>\n\n\n\n<div class=\"wp-block-column is-layout-flow wp-block-column-is-layout-flow\"><div class=\"wp-block-image\">\n<figure class=\"alignleft size-large is-resized\"><a href=\"https:\/\/www.spring-baechler.ch\/wp-content\/uploads\/2022\/03\/Reto-Baechler.jpg\" target=\"_blank\" rel=\"noreferrer noopener\"><img loading=\"lazy\" decoding=\"async\" width=\"1024\" height=\"756\" src=\"https:\/\/www.spring-baechler.ch\/wp-content\/uploads\/2022\/03\/Reto-Baechler-1024x756.jpg\" alt=\"\" class=\"wp-image-519\" style=\"width:356px;height:262px\" srcset=\"https:\/\/www.spring-baechler.ch\/wp-content\/uploads\/2022\/03\/Reto-Baechler-1024x756.jpg 1024w, https:\/\/www.spring-baechler.ch\/wp-content\/uploads\/2022\/03\/Reto-Baechler-300x222.jpg 300w, https:\/\/www.spring-baechler.ch\/wp-content\/uploads\/2022\/03\/Reto-Baechler-768x567.jpg 768w, https:\/\/www.spring-baechler.ch\/wp-content\/uploads\/2022\/03\/Reto-Baechler-1536x1134.jpg 1536w, https:\/\/www.spring-baechler.ch\/wp-content\/uploads\/2022\/03\/Reto-Baechler.jpg 1920w\" sizes=\"auto, (max-width: 1024px) 100vw, 1024px\" \/><\/a><\/figure>\n<\/div><\/div>\n<\/div>\n\n\n\n<p class=\"has-large-font-size\">Multimarken Fahrzeugunterhalt<\/p>\n\n\n\n<div class=\"wp-block-columns is-layout-flex wp-container-core-columns-is-layout-9d6595d7 wp-block-columns-is-layout-flex\">\n<div class=\"wp-block-column is-layout-flow wp-block-column-is-layout-flow\">\n<div class=\"wp-block-columns is-layout-flex wp-container-core-columns-is-layout-9d6595d7 wp-block-columns-is-layout-flex\">\n<div class=\"wp-block-column is-layout-flow wp-block-column-is-layout-flow\">\n<div class=\"wp-block-group\"><div class=\"wp-block-group__inner-container is-layout-flow wp-block-group-is-layout-flow\">\n<ul style=\"font-style:normal;font-weight:400\" class=\"wp-block-list bullet-liste\">\n<li>Nutzfahrzeug-Service und -Reparaturen f\u00fcr alle Gewichtsklassen<\/li>\n\n\n\n<li>Anh\u00e4nger-Service und Reparaturen<\/li>\n\n\n\n<li>Aufbauten und Umbauten<\/li>\n\n\n\n<li>Diagnosen-Service<\/li>\n\n\n\n<li>Motoren-, Getriebe-, und Antriebsrevisionen<\/li>\n\n\n\n<li>Diesel Abgas-Service<\/li>\n\n\n\n<li>Bremsrevisionen<\/li>\n\n\n\n<li>Bremsenpr\u00fcfstand<\/li>\n\n\n\n<li>Reifen-Service<\/li>\n\n\n\n<li>Klima-Service<\/li>\n\n\n\n<li>Carrosserie-Reparaturen<\/li>\n\n\n\n<li>Windschutzscheiben-Ersatz<\/li>\n\n\n\n<li>EmotaCH und Tachograph Fahrtenschreiber-Service<\/li>\n\n\n\n<li>Aufbereitungen f\u00fcr die periodischen Fahrzeugpr\u00fcfungen<\/li>\n<\/ul>\n<\/div><\/div>\n<\/div>\n\n\n\n<div class=\"wp-block-column is-layout-flow wp-block-column-is-layout-flow\">\n<div class=\"wp-block-columns is-layout-flex wp-container-core-columns-is-layout-9d6595d7 wp-block-columns-is-layout-flex\">\n<div class=\"wp-block-column is-layout-flow wp-block-column-is-layout-flow\">\n<figure class=\"wp-block-image size-large is-resized\"><a href=\"https:\/\/www.spring-baechler.ch\/wp-content\/uploads\/2022\/03\/Sladjan_1.jpg\" target=\"_blank\" rel=\"noreferrer noopener\"><img loading=\"lazy\" decoding=\"async\" width=\"721\" height=\"1024\" src=\"https:\/\/www.spring-baechler.ch\/wp-content\/uploads\/2022\/03\/Sladjan_1-721x1024.jpg\" alt=\"\" class=\"wp-image-526\" style=\"width:211px;height:299px\" srcset=\"https:\/\/www.spring-baechler.ch\/wp-content\/uploads\/2022\/03\/Sladjan_1-721x1024.jpg 721w, https:\/\/www.spring-baechler.ch\/wp-content\/uploads\/2022\/03\/Sladjan_1-211x300.jpg 211w, https:\/\/www.spring-baechler.ch\/wp-content\/uploads\/2022\/03\/Sladjan_1-768x1091.jpg 768w, https:\/\/www.spring-baechler.ch\/wp-content\/uploads\/2022\/03\/Sladjan_1-1081x1536.jpg 1081w, https:\/\/www.spring-baechler.ch\/wp-content\/uploads\/2022\/03\/Sladjan_1.jpg 1351w\" sizes=\"auto, (max-width: 721px) 100vw, 721px\" \/><\/a><\/figure>\n<\/div>\n\n\n\n<div class=\"wp-block-column is-layout-flow wp-block-column-is-layout-flow\">\n<figure class=\"wp-block-image size-large is-resized\"><a href=\"https:\/\/www.spring-baechler.ch\/wp-content\/uploads\/2022\/03\/Sladjan_2.jpg\" target=\"_blank\" rel=\"noreferrer noopener\"><img loading=\"lazy\" decoding=\"async\" width=\"755\" height=\"1024\" src=\"https:\/\/www.spring-baechler.ch\/wp-content\/uploads\/2022\/03\/Sladjan_2-755x1024.jpg\" alt=\"\" class=\"wp-image-544\" style=\"width:218px;height:297px\" srcset=\"https:\/\/www.spring-baechler.ch\/wp-content\/uploads\/2022\/03\/Sladjan_2-755x1024.jpg 755w, https:\/\/www.spring-baechler.ch\/wp-content\/uploads\/2022\/03\/Sladjan_2-221x300.jpg 221w, https:\/\/www.spring-baechler.ch\/wp-content\/uploads\/2022\/03\/Sladjan_2-768x1041.jpg 768w, https:\/\/www.spring-baechler.ch\/wp-content\/uploads\/2022\/03\/Sladjan_2-1133x1536.jpg 1133w, https:\/\/www.spring-baechler.ch\/wp-content\/uploads\/2022\/03\/Sladjan_2.jpg 1416w\" sizes=\"auto, (max-width: 755px) 100vw, 755px\" \/><\/a><\/figure>\n<\/div>\n\n\n\n<div class=\"wp-block-column is-layout-flow wp-block-column-is-layout-flow\">\n<figure class=\"wp-block-image size-large is-resized\"><a href=\"https:\/\/www.spring-baechler.ch\/wp-content\/uploads\/2022\/03\/Reto_1.jpg\" target=\"_blank\" rel=\"noreferrer noopener\"><img loading=\"lazy\" decoding=\"async\" width=\"673\" height=\"1024\" src=\"https:\/\/www.spring-baechler.ch\/wp-content\/uploads\/2022\/03\/Reto_1-673x1024.jpg\" alt=\"\" class=\"wp-image-545\" style=\"width:194px;height:296px\" srcset=\"https:\/\/www.spring-baechler.ch\/wp-content\/uploads\/2022\/03\/Reto_1-673x1024.jpg 673w, https:\/\/www.spring-baechler.ch\/wp-content\/uploads\/2022\/03\/Reto_1-197x300.jpg 197w, https:\/\/www.spring-baechler.ch\/wp-content\/uploads\/2022\/03\/Reto_1-768x1169.jpg 768w, https:\/\/www.spring-baechler.ch\/wp-content\/uploads\/2022\/03\/Reto_1-1009x1536.jpg 1009w, https:\/\/www.spring-baechler.ch\/wp-content\/uploads\/2022\/03\/Reto_1.jpg 1261w\" sizes=\"auto, (max-width: 673px) 100vw, 673px\" \/><\/a><\/figure>\n<\/div>\n<\/div>\n\n\n\n<div class=\"wp-block-columns is-layout-flex wp-container-core-columns-is-layout-9d6595d7 wp-block-columns-is-layout-flex\">\n<div class=\"wp-block-column is-layout-flow wp-block-column-is-layout-flow\">\n<figure class=\"wp-block-image size-full\"><a href=\"https:\/\/www.spring-baechler.ch\/wp-content\/uploads\/2024\/10\/dario_baeriswyl_in_action-e1728549142363.jpg\" target=\"_blank\" rel=\"noreferrer noopener\"><img loading=\"lazy\" decoding=\"async\" width=\"1673\" height=\"1244\" src=\"https:\/\/www.spring-baechler.ch\/wp-content\/uploads\/2024\/10\/dario_baeriswyl_in_action-e1728549142363.jpg\" alt=\"\" class=\"wp-image-1491\" srcset=\"https:\/\/www.spring-baechler.ch\/wp-content\/uploads\/2024\/10\/dario_baeriswyl_in_action-e1728549142363.jpg 1673w, https:\/\/www.spring-baechler.ch\/wp-content\/uploads\/2024\/10\/dario_baeriswyl_in_action-e1728549142363-600x446.jpg 600w, https:\/\/www.spring-baechler.ch\/wp-content\/uploads\/2024\/10\/dario_baeriswyl_in_action-e1728549142363-768x571.jpg 768w, https:\/\/www.spring-baechler.ch\/wp-content\/uploads\/2024\/10\/dario_baeriswyl_in_action-e1728549142363-1536x1142.jpg 1536w\" sizes=\"auto, (max-width: 1673px) 100vw, 1673px\" \/><\/a><\/figure>\n<\/div>\n\n\n\n<div class=\"wp-block-column is-layout-flow wp-block-column-is-layout-flow\"><\/div>\n<\/div>\n<\/div>\n<\/div>\n<\/div>\n<\/div>\n\n\n\n<div class=\"wp-block-columns is-layout-flex wp-container-core-columns-is-layout-9d6595d7 wp-block-columns-is-layout-flex\">\n<div class=\"wp-block-column is-layout-flow wp-block-column-is-layout-flow\">\n<div class=\"wp-block-columns is-layout-flex wp-container-core-columns-is-layout-9d6595d7 wp-block-columns-is-layout-flex\">\n<div class=\"wp-block-column is-layout-flow wp-block-column-is-layout-flow\"><div class=\"wp-block-image\">\n<figure class=\"aligncenter size-large is-resized\"><a href=\"https:\/\/www.spring-baechler.ch\/wp-content\/uploads\/2022\/03\/Garage_Spring-Baechler_AG_Team-1.jpg\" target=\"_blank\" rel=\"noreferrer noopener\"><img loading=\"lazy\" decoding=\"async\" width=\"1024\" height=\"618\" src=\"https:\/\/www.spring-baechler.ch\/wp-content\/uploads\/2022\/03\/Garage_Spring-Baechler_AG_Team-1-1024x618.jpg\" alt=\"\" class=\"wp-image-854\" style=\"width:503px;height:350px\" srcset=\"https:\/\/www.spring-baechler.ch\/wp-content\/uploads\/2022\/03\/Garage_Spring-Baechler_AG_Team-1-1024x618.jpg 1024w, https:\/\/www.spring-baechler.ch\/wp-content\/uploads\/2022\/03\/Garage_Spring-Baechler_AG_Team-1-300x181.jpg 300w, https:\/\/www.spring-baechler.ch\/wp-content\/uploads\/2022\/03\/Garage_Spring-Baechler_AG_Team-1-768x463.jpg 768w, https:\/\/www.spring-baechler.ch\/wp-content\/uploads\/2022\/03\/Garage_Spring-Baechler_AG_Team-1-1536x926.jpg 1536w, https:\/\/www.spring-baechler.ch\/wp-content\/uploads\/2022\/03\/Garage_Spring-Baechler_AG_Team-1.jpg 1920w\" sizes=\"auto, (max-width: 1024px) 100vw, 1024px\" \/><\/a><\/figure>\n<\/div><\/div>\n<\/div>\n<\/div>\n\n\n\n<div class=\"wp-block-column is-layout-flow wp-block-column-is-layout-flow\">\n<p><\/p>\n\n\n\n<p>Unsere qualifizierten Mitarbeitenden mit langj\u00e4hriger Mehrmarken-Erfahrung,&nbsp;reparieren grunds\u00e4tzlich alle Marken. Vertrauen Sie auf unsere gesicherte Berufspraxis und profitieren Sie von unserem ausgewogenen Preis-Leistungsverh\u00e4ltnis. Nehmen Sie mit uns Kontakt auf, um einen Termin zu vereinbaren.&nbsp;Wir freuen uns,&nbsp;Sie zu unseren gesch\u00e4tzten Kunden z\u00e4hlen zu d\u00fcrfen.<\/p>\n<\/div>\n<\/div>\n\n\n\n<div style=\"height:30px\" aria-hidden=\"true\" class=\"wp-block-spacer\"><\/div>\n\n\n\n<p class=\"has-large-font-size\">EmotaCH LSVA Erfassungsger\u00e4te<\/p>\n\n\n\n<div class=\"wp-block-columns is-layout-flex wp-container-core-columns-is-layout-9d6595d7 wp-block-columns-is-layout-flex\">\n<div class=\"wp-block-column is-layout-flow wp-block-column-is-layout-flow\" style=\"flex-basis:33.33%\">\n<p>Wir sind geschulte und autorisierte Einbau-, Service- und Abnahmestelle.<\/p>\n<\/div>\n\n\n\n<div class=\"wp-block-column is-layout-flow wp-block-column-is-layout-flow\" style=\"flex-basis:66.66%\"><div class=\"wp-block-image\">\n<figure class=\"aligncenter size-full is-resized\"><img loading=\"lazy\" decoding=\"async\" width=\"680\" height=\"453\" src=\"https:\/\/www.spring-baechler.ch\/wp-content\/uploads\/2022\/03\/EmotaCH-LSVA.jpg\" alt=\"\" class=\"wp-image-350\" style=\"width:366px;height:244px\" srcset=\"https:\/\/www.spring-baechler.ch\/wp-content\/uploads\/2022\/03\/EmotaCH-LSVA.jpg 680w, https:\/\/www.spring-baechler.ch\/wp-content\/uploads\/2022\/03\/EmotaCH-LSVA-300x200.jpg 300w\" sizes=\"auto, (max-width: 680px) 100vw, 680px\" \/><\/figure>\n<\/div><\/div>\n<\/div>\n\n\n\n<p class=\"has-large-font-size\">Autometer Fahrtenschreiber<\/p>\n\n\n\n<div class=\"wp-block-columns is-layout-flex wp-container-core-columns-is-layout-9d6595d7 wp-block-columns-is-layout-flex\">\n<div class=\"wp-block-column is-layout-flow wp-block-column-is-layout-flow\" style=\"flex-basis:33.33%\">\n<p>Wir sind geschulte und autorisierte Einbau-, Service- und Pr\u00fcfstelle.<\/p>\n<\/div>\n\n\n\n<div class=\"wp-block-column is-layout-flow wp-block-column-is-layout-flow\" style=\"flex-basis:66.66%\"><div class=\"wp-block-image\">\n<figure class=\"aligncenter size-full is-resized\"><img loading=\"lazy\" decoding=\"async\" width=\"480\" height=\"360\" src=\"https:\/\/www.spring-baechler.ch\/wp-content\/uploads\/2022\/03\/Autometer-Fahrtenschreiber.jpg\" alt=\"\" class=\"wp-image-352\" style=\"width:371px;height:278px\" srcset=\"https:\/\/www.spring-baechler.ch\/wp-content\/uploads\/2022\/03\/Autometer-Fahrtenschreiber.jpg 480w, https:\/\/www.spring-baechler.ch\/wp-content\/uploads\/2022\/03\/Autometer-Fahrtenschreiber-300x225.jpg 300w, https:\/\/www.spring-baechler.ch\/wp-content\/uploads\/2022\/03\/Autometer-Fahrtenschreiber-400x300.jpg 400w\" sizes=\"auto, (max-width: 480px) 100vw, 480px\" \/><\/figure>\n<\/div><\/div>\n<\/div>\n\n\n\n<p class=\"has-large-font-size\">LKW Scheibenservice<\/p>\n\n\n\n<div class=\"wp-block-columns is-layout-flex wp-container-core-columns-is-layout-9d6595d7 wp-block-columns-is-layout-flex\">\n<div class=\"wp-block-column is-layout-flow wp-block-column-is-layout-flow\" style=\"flex-basis:33.33%\">\n<p>Ersetzen von Windschutzscheiben und Scheiben aller Art.<\/p>\n<\/div>\n\n\n\n<div class=\"wp-block-column is-layout-flow wp-block-column-is-layout-flow\" style=\"flex-basis:66.66%\"><div class=\"wp-block-image\">\n<figure class=\"aligncenter size-full is-resized\"><img loading=\"lazy\" decoding=\"async\" width=\"1022\" height=\"575\" src=\"https:\/\/www.spring-baechler.ch\/wp-content\/uploads\/2022\/03\/Windschutzscheibe.jpg\" alt=\"\" class=\"wp-image-349\" style=\"width:360px;height:202px\" srcset=\"https:\/\/www.spring-baechler.ch\/wp-content\/uploads\/2022\/03\/Windschutzscheibe.jpg 1022w, https:\/\/www.spring-baechler.ch\/wp-content\/uploads\/2022\/03\/Windschutzscheibe-300x169.jpg 300w, https:\/\/www.spring-baechler.ch\/wp-content\/uploads\/2022\/03\/Windschutzscheibe-768x432.jpg 768w\" sizes=\"auto, (max-width: 1022px) 100vw, 1022px\" \/><\/figure>\n<\/div><\/div>\n<\/div>\n\n\n\n<p class=\"has-large-font-size\">Bremsen-Pr\u00fcfstand<\/p>\n\n\n\n<div class=\"wp-block-columns is-layout-flex wp-container-core-columns-is-layout-9d6595d7 wp-block-columns-is-layout-flex\">\n<div class=\"wp-block-column is-layout-flow wp-block-column-is-layout-flow\" style=\"flex-basis:33.33%\">\n<p>Moderner Nutzfahrzeug Brems-Pr\u00fcfstand.<\/p>\n<\/div>\n\n\n\n<div class=\"wp-block-column is-layout-flow wp-block-column-is-layout-flow\" style=\"flex-basis:66.66%\"><div class=\"wp-block-image\">\n<figure class=\"aligncenter size-full is-resized\"><img loading=\"lazy\" decoding=\"async\" width=\"480\" height=\"599\" src=\"https:\/\/www.spring-baechler.ch\/wp-content\/uploads\/2022\/03\/Bremspruefstand.jpg\" alt=\"\" class=\"wp-image-600\" style=\"width:364px;height:456px\" srcset=\"https:\/\/www.spring-baechler.ch\/wp-content\/uploads\/2022\/03\/Bremspruefstand.jpg 480w, https:\/\/www.spring-baechler.ch\/wp-content\/uploads\/2022\/03\/Bremspruefstand-240x300.jpg 240w\" sizes=\"auto, (max-width: 480px) 100vw, 480px\" \/><\/figure>\n<\/div><\/div>\n<\/div>\n\n\n\n<p><\/p>\n","protected":false},"excerpt":{"rendered":"<p>Die&nbsp;ausgewiesenen Kompetenzen und die fachliche Erfahrung unserer Mitarbeitenden, ein vertrauensvolles Netzwerk an bew\u00e4hrten Partnern, sowie unsere moderne technische Ausr\u00fcstung&nbsp;garantieren einen Vollservice in allen Belangen rund um ihr Fahrzeug. Unsere Mitarbeitende nehmen regelm\u00e4ssig an Weiterbildungen&nbsp;teil. Damit haben Sie die Gew\u00e4hr, dass ihr Fahrzeug stets einsatzbereit ist und auch immer Freude bereitet. Daf\u00fcr setzen wir uns ein.&nbsp; [&hellip;]<\/p>\n","protected":false},"author":1,"featured_media":0,"parent":0,"menu_order":50,"comment_status":"closed","ping_status":"closed","template":"","meta":{"ngg_post_thumbnail":0,"footnotes":""},"class_list":["post-95","page","type-page","status-publish","hentry"],"_links":{"self":[{"href":"https:\/\/www.spring-baechler.ch\/index.php?rest_route=\/wp\/v2\/pages\/95","targetHints":{"allow":["GET"]}}],"collection":[{"href":"https:\/\/www.spring-baechler.ch\/index.php?rest_route=\/wp\/v2\/pages"}],"about":[{"href":"https:\/\/www.spring-baechler.ch\/index.php?rest_route=\/wp\/v2\/types\/page"}],"author":[{"embeddable":true,"href":"https:\/\/www.spring-baechler.ch\/index.php?rest_route=\/wp\/v2\/users\/1"}],"replies":[{"embeddable":true,"href":"https:\/\/www.spring-baechler.ch\/index.php?rest_route=%2Fwp%2Fv2%2Fcomments&post=95"}],"version-history":[{"count":0,"href":"https:\/\/www.spring-baechler.ch\/index.php?rest_route=\/wp\/v2\/pages\/95\/revisions"}],"wp:attachment":[{"href":"https:\/\/www.spring-baechler.ch\/index.php?rest_route=%2Fwp%2Fv2%2Fmedia&parent=95"}],"curies":[{"name":"wp","href":"https:\/\/api.w.org\/{rel}","templated":true}]}}