{"id":942,"date":"2022-04-13T16:19:36","date_gmt":"2022-04-13T14:19:36","guid":{"rendered":"https:\/\/www.spring-baechler.ch\/?page_id=942"},"modified":"2026-03-23T21:33:33","modified_gmt":"2026-03-23T20:33:33","slug":"lagerfahrzeuge-2","status":"publish","type":"page","link":"https:\/\/www.spring-baechler.ch\/?page_id=942","title":{"rendered":"Lagerfahrzeuge"},"content":{"rendered":"\n<p><\/p>\n\n\n\n<p style=\"font-size:1.5em\"><strong>Unsere aktuell verf\u00fcgbaren Lagerfahrzeuge:<\/strong><\/p>\n\n\n\n<p>Kontaktieren Sie uns f\u00fcr eine Besichtigung oder Probefahrt.<\/p>\n\n\n\n<p>Telefon:  026 494 22 75<br>E-Mail:  info@spring-baechler.ch<\/p>\n\n\n\n<figure class=\"wp-block-table\"><table><thead><tr><th class=\"has-text-align-center\" data-align=\"center\"><\/th><th>Marke<\/th><th>Modell<\/th><th>Aufbau<\/th><th>Jg<\/th><th>Zustand<\/th><th class=\"has-text-align-right\" data-align=\"right\">Km<\/th><th class=\"has-text-align-center\" data-align=\"center\">Preis (exkl. MwSt)<\/th><th>Detailinformationen<\/th><\/tr><\/thead><tbody><tr><td class=\"has-text-align-center\" data-align=\"center\"><img loading=\"lazy\" decoding=\"async\" width=\"150\" height=\"111\" class=\"wp-image-1670\" style=\"width: 150px;\" src=\"https:\/\/www.spring-baechler.ch\/wp-content\/uploads\/2025\/11\/bild2-600.jpg\" alt=\"\"><\/td><td>IVECO Daily<\/td><td>35C 18H8<\/td><td>3-Seiten Kipper<\/td><td>neu<\/td><td>neu<\/td><td class=\"has-text-align-right\" data-align=\"right\"><\/td><td class=\"has-text-align-center\" data-align=\"center\">nach Absprache<\/td><td><a href=\"https:\/\/www.spring-baechler.ch\/?page_id=922\" data-type=\"page\" data-id=\"934\"><strong>Detailinformationen&#8230;<\/strong><\/a><\/td><\/tr><tr><td class=\"has-text-align-center\" data-align=\"center\"><a href=\"https:\/\/www.spring-baechler.ch\/?page_id=932\"><img loading=\"lazy\" decoding=\"async\" width=\"150\" height=\"86\" class=\"wp-image-1727\" style=\"width: 150px;\" src=\"https:\/\/www.spring-baechler.ch\/wp-content\/uploads\/2026\/03\/bild-1a.jpg\" alt=\"\"><\/a><\/td><td>UNSINN<\/td><td>UH-2715-13-10<\/td><td>Anh\u00e4nger<\/td><td>neu<\/td><td>neu<\/td><td class=\"has-text-align-right\" data-align=\"right\"><\/td><td class=\"has-text-align-center\" data-align=\"center\">3&#8217;490.-<br>(inkl. MwSt)<\/td><td><a href=\"https:\/\/www.spring-baechler.ch\/?page_id=932\" data-type=\"link\" data-id=\"https:\/\/www.spring-baechler.ch\/?page_id=932\"><strong>Detailinformationen&#8230;<\/strong><\/a><\/td><\/tr><tr><td class=\"has-text-align-center\" data-align=\"center\"><a href=\"https:\/\/www.spring-baechler.ch\/?page_id=924\"><img loading=\"lazy\" decoding=\"async\" width=\"150\" height=\"109\" class=\"wp-image-1724\" style=\"width: 150px;\" src=\"https:\/\/www.spring-baechler.ch\/wp-content\/uploads\/2026\/03\/UKH-6C-1b.jpg\" alt=\"\"><\/a><\/td><td>UNSINN<\/td><td>UKH 6C 3620-35-14<\/td><td>SwissDrink<br>K\u00fchlanh\u00e4nger<\/td><td>neu<\/td><td>neu<\/td><td class=\"has-text-align-right\" data-align=\"right\"><\/td><td class=\"has-text-align-center\" data-align=\"center\">17&#8217;900.-<br>(inkl. MwSt)<\/td><td><a href=\"https:\/\/www.spring-baechler.ch\/?page_id=924\"><strong>Detailinformationen&#8230;<\/strong><\/a><\/td><\/tr><\/tbody><\/table><\/figure>\n","protected":false},"excerpt":{"rendered":"<p>Unsere aktuell verf\u00fcgbaren Lagerfahrzeuge: Kontaktieren Sie uns f\u00fcr eine Besichtigung oder Probefahrt. Telefon: 026 494 22 75E-Mail: info@spring-baechler.ch Marke Modell Aufbau Jg Zustand Km Preis (exkl. MwSt) Detailinformationen IVECO Daily 35C 18H8 3-Seiten Kipper neu neu nach Absprache Detailinformationen&#8230; UNSINN UH-2715-13-10 Anh\u00e4nger neu neu 3&#8217;490.-(inkl. MwSt) Detailinformationen&#8230; UNSINN UKH 6C 3620-35-14 SwissDrinkK\u00fchlanh\u00e4nger neu neu 17&#8217;900.-(inkl. [&hellip;]<\/p>\n","protected":false},"author":1,"featured_media":0,"parent":0,"menu_order":960,"comment_status":"closed","ping_status":"closed","template":"","meta":{"ngg_post_thumbnail":0,"footnotes":""},"class_list":["post-942","page","type-page","status-publish","hentry"],"_links":{"self":[{"href":"https:\/\/www.spring-baechler.ch\/index.php?rest_route=\/wp\/v2\/pages\/942","targetHints":{"allow":["GET"]}}],"collection":[{"href":"https:\/\/www.spring-baechler.ch\/index.php?rest_route=\/wp\/v2\/pages"}],"about":[{"href":"https:\/\/www.spring-baechler.ch\/index.php?rest_route=\/wp\/v2\/types\/page"}],"author":[{"embeddable":true,"href":"https:\/\/www.spring-baechler.ch\/index.php?rest_route=\/wp\/v2\/users\/1"}],"replies":[{"embeddable":true,"href":"https:\/\/www.spring-baechler.ch\/index.php?rest_route=%2Fwp%2Fv2%2Fcomments&post=942"}],"version-history":[{"count":0,"href":"https:\/\/www.spring-baechler.ch\/index.php?rest_route=\/wp\/v2\/pages\/942\/revisions"}],"wp:attachment":[{"href":"https:\/\/www.spring-baechler.ch\/index.php?rest_route=%2Fwp%2Fv2%2Fmedia&parent=942"}],"curies":[{"name":"wp","href":"https:\/\/api.w.org\/{rel}","templated":true}]}}