{"id":932,"date":"2022-04-15T11:01:10","date_gmt":"2022-04-15T09:01:10","guid":{"rendered":"https:\/\/www.spring-baechler.ch\/?page_id=932"},"modified":"2026-03-23T21:44:07","modified_gmt":"2026-03-23T20:44:07","slug":"anhaenger-unsinn-2","status":"publish","type":"page","link":"https:\/\/www.spring-baechler.ch\/?page_id=932","title":{"rendered":"Anh\u00e4nger Unsinn"},"content":{"rendered":"\n<div class=\"wp-block-group\"><div class=\"wp-block-group__inner-container is-layout-flow wp-block-group-is-layout-flow\">\n<h1 class=\"wp-block-heading\">Anh\u00e4nger<\/h1>\n\n\n\n<div class=\"wp-block-group\"><div class=\"wp-block-group__inner-container is-layout-flow wp-block-group-is-layout-flow\">\n<p>Technische Daten:<\/p>\n<\/div><\/div>\n\n\n\n<div class=\"wp-block-columns is-layout-flex wp-container-core-columns-is-layout-9d6595d7 wp-block-columns-is-layout-flex\">\n<div class=\"wp-block-column is-layout-flow wp-block-column-is-layout-flow\">\n<figure class=\"wp-block-table is-style-stripes\"><table><tbody><tr><td>Marke<\/td><td>Unsinn<\/td><\/tr><tr><td>Typ<\/td><td>UH-2715-13-10<\/td><\/tr><tr><td>Preis (inkl. MwSt)<\/td><td>CHF 3&#8217;490.-<\/td><\/tr><tr><td>Zzustand<\/td><td>Neu<\/td><\/tr><tr><td>Jahrgang<\/td><td><\/td><\/tr><tr><td>Letzte MFK<\/td><td><\/td><\/tr><tr><td>Typenschein<\/td><td><\/td><\/tr><tr><td>Innenmasse<\/td><td>2760x1500x300mm<\/td><\/tr><tr><td>Achsen<\/td><td>1<\/td><\/tr><tr><td>Federung<\/td><td><\/td><\/tr><tr><td>Farbe<\/td><td><\/td><\/tr><tr><td>Bereifung<\/td><td>195\/55 R10C<\/td><\/tr><tr><td>Nutzlast<\/td><td>1070 kg<\/td><\/tr><tr><td>Gesamtgewicht<\/td><td>1350 kg<\/td><\/tr><tr><td>Ausstattung<\/td><td><\/td><\/tr><tr><td>Aufbau<\/td><td><\/td><\/tr><\/tbody><\/table><\/figure>\n\n\n\n<p class=\"has-medium-font-size\"><strong>Ausstattung<\/strong><\/p>\n\n\n\n<p>18mm Siebdruckplatte<br>6 St\u00fcck abklappbare Zurr\u00f6sen<br>4 St\u00fcck Zurr\u00f6sen unter der Ladefl\u00e4che<br>100kmh tauglich<br>Alu-Bordwand<br><br><br><\/p>\n<\/div>\n\n\n\n<div class=\"wp-block-column is-layout-flow wp-block-column-is-layout-flow\">\n<div class=\"wp-block-columns is-layout-flex wp-container-core-columns-is-layout-9d6595d7 wp-block-columns-is-layout-flex\">\n<div class=\"wp-block-column is-layout-flow wp-block-column-is-layout-flow\">\n<figure class=\"wp-block-image size-full\"><a href=\"https:\/\/www.spring-baechler.ch\/wp-content\/uploads\/2026\/03\/bild-1.jpg\" target=\"_blank\" rel=\"noopener\"><img loading=\"lazy\" decoding=\"async\" width=\"1920\" height=\"1092\" src=\"https:\/\/www.spring-baechler.ch\/wp-content\/uploads\/2026\/03\/bild-1.jpg\" alt=\"\" class=\"wp-image-1731\" srcset=\"https:\/\/www.spring-baechler.ch\/wp-content\/uploads\/2026\/03\/bild-1.jpg 1920w, https:\/\/www.spring-baechler.ch\/wp-content\/uploads\/2026\/03\/bild-1-600x341.jpg 600w, https:\/\/www.spring-baechler.ch\/wp-content\/uploads\/2026\/03\/bild-1-768x437.jpg 768w, https:\/\/www.spring-baechler.ch\/wp-content\/uploads\/2026\/03\/bild-1-1536x874.jpg 1536w\" sizes=\"auto, (max-width: 1920px) 100vw, 1920px\" \/><\/a><\/figure>\n\n\n<div class=\"wp-block-image is-style-default\">\n<figure class=\"aligncenter size-full\"><a href=\"https:\/\/www.spring-baechler.ch\/wp-content\/uploads\/2026\/03\/bild-3.jpg\" target=\"_blank\" rel=\"noopener\"><img loading=\"lazy\" decoding=\"async\" width=\"1920\" height=\"1807\" src=\"https:\/\/www.spring-baechler.ch\/wp-content\/uploads\/2026\/03\/bild-3.jpg\" alt=\"\" class=\"wp-image-1733\" style=\"aspect-ratio:1.3333333333333333;object-fit:cover\" srcset=\"https:\/\/www.spring-baechler.ch\/wp-content\/uploads\/2026\/03\/bild-3.jpg 1920w, https:\/\/www.spring-baechler.ch\/wp-content\/uploads\/2026\/03\/bild-3-600x565.jpg 600w, https:\/\/www.spring-baechler.ch\/wp-content\/uploads\/2026\/03\/bild-3-768x723.jpg 768w, https:\/\/www.spring-baechler.ch\/wp-content\/uploads\/2026\/03\/bild-3-1536x1446.jpg 1536w\" sizes=\"auto, (max-width: 1920px) 100vw, 1920px\" \/><\/a><\/figure>\n<\/div>\n\n\n<figure class=\"wp-block-image size-full\"><img loading=\"lazy\" decoding=\"async\" width=\"1920\" height=\"1516\" src=\"https:\/\/www.spring-baechler.ch\/wp-content\/uploads\/2026\/03\/bild-5.jpg\" alt=\"\" class=\"wp-image-1735\" srcset=\"https:\/\/www.spring-baechler.ch\/wp-content\/uploads\/2026\/03\/bild-5.jpg 1920w, https:\/\/www.spring-baechler.ch\/wp-content\/uploads\/2026\/03\/bild-5-600x474.jpg 600w, https:\/\/www.spring-baechler.ch\/wp-content\/uploads\/2026\/03\/bild-5-768x606.jpg 768w, https:\/\/www.spring-baechler.ch\/wp-content\/uploads\/2026\/03\/bild-5-1536x1213.jpg 1536w\" sizes=\"auto, (max-width: 1920px) 100vw, 1920px\" \/><\/figure>\n\n\n\n<figure class=\"wp-block-image size-full\"><img loading=\"lazy\" decoding=\"async\" width=\"1920\" height=\"1597\" src=\"https:\/\/www.spring-baechler.ch\/wp-content\/uploads\/2026\/03\/bild-6.jpg\" alt=\"\" class=\"wp-image-1736\" srcset=\"https:\/\/www.spring-baechler.ch\/wp-content\/uploads\/2026\/03\/bild-6.jpg 1920w, https:\/\/www.spring-baechler.ch\/wp-content\/uploads\/2026\/03\/bild-6-600x499.jpg 600w, https:\/\/www.spring-baechler.ch\/wp-content\/uploads\/2026\/03\/bild-6-768x639.jpg 768w, https:\/\/www.spring-baechler.ch\/wp-content\/uploads\/2026\/03\/bild-6-1536x1278.jpg 1536w\" sizes=\"auto, (max-width: 1920px) 100vw, 1920px\" \/><\/figure>\n<\/div>\n\n\n\n<div class=\"wp-block-column is-layout-flow wp-block-column-is-layout-flow\">\n<figure class=\"wp-block-image size-full\"><a href=\"https:\/\/www.spring-baechler.ch\/wp-content\/uploads\/2026\/03\/bild-2.jpg\" target=\"_blank\" rel=\"noopener\"><img loading=\"lazy\" decoding=\"async\" width=\"1920\" height=\"1901\" src=\"https:\/\/www.spring-baechler.ch\/wp-content\/uploads\/2026\/03\/bild-2.jpg\" alt=\"\" class=\"wp-image-1732\" srcset=\"https:\/\/www.spring-baechler.ch\/wp-content\/uploads\/2026\/03\/bild-2.jpg 1920w, https:\/\/www.spring-baechler.ch\/wp-content\/uploads\/2026\/03\/bild-2-600x594.jpg 600w, https:\/\/www.spring-baechler.ch\/wp-content\/uploads\/2026\/03\/bild-2-150x150.jpg 150w, https:\/\/www.spring-baechler.ch\/wp-content\/uploads\/2026\/03\/bild-2-768x760.jpg 768w, https:\/\/www.spring-baechler.ch\/wp-content\/uploads\/2026\/03\/bild-2-1536x1521.jpg 1536w, https:\/\/www.spring-baechler.ch\/wp-content\/uploads\/2026\/03\/bild-2-50x50.jpg 50w, https:\/\/www.spring-baechler.ch\/wp-content\/uploads\/2026\/03\/bild-2-80x80.jpg 80w\" sizes=\"auto, (max-width: 1920px) 100vw, 1920px\" \/><\/a><\/figure>\n\n\n\n<figure class=\"wp-block-image size-full\"><a href=\"https:\/\/www.spring-baechler.ch\/wp-content\/uploads\/2026\/03\/bild-4.jpg\" target=\"_blank\" rel=\"noopener\"><img loading=\"lazy\" decoding=\"async\" width=\"1919\" height=\"1200\" src=\"https:\/\/www.spring-baechler.ch\/wp-content\/uploads\/2026\/03\/bild-4.jpg\" alt=\"\" class=\"wp-image-1734\" srcset=\"https:\/\/www.spring-baechler.ch\/wp-content\/uploads\/2026\/03\/bild-4.jpg 1919w, https:\/\/www.spring-baechler.ch\/wp-content\/uploads\/2026\/03\/bild-4-600x375.jpg 600w, https:\/\/www.spring-baechler.ch\/wp-content\/uploads\/2026\/03\/bild-4-768x480.jpg 768w, https:\/\/www.spring-baechler.ch\/wp-content\/uploads\/2026\/03\/bild-4-1536x961.jpg 1536w\" sizes=\"auto, (max-width: 1919px) 100vw, 1919px\" \/><\/a><\/figure>\n\n\n<\/div>\n<\/div>\n<\/div>\n<\/div>\n<\/div><\/div>\n\n\n\n<p><\/p>\n","protected":false},"excerpt":{"rendered":"<p>Anh\u00e4nger Technische Daten: Marke Unsinn Typ UH-2715-13-10 Preis (inkl. MwSt) CHF 3&#8217;490.- Zzustand Neu Jahrgang Letzte MFK Typenschein Innenmasse 2760x1500x300mm Achsen 1 Federung Farbe Bereifung 195\/55 R10C Nutzlast 1070 kg Gesamtgewicht 1350 kg Ausstattung Aufbau Ausstattung 18mm Siebdruckplatte6 St\u00fcck abklappbare Zurr\u00f6sen4 St\u00fcck Zurr\u00f6sen unter der Ladefl\u00e4che100kmh tauglichAlu-Bordwand<\/p>\n","protected":false},"author":1,"featured_media":0,"parent":0,"menu_order":966,"comment_status":"closed","ping_status":"closed","template":"","meta":{"ngg_post_thumbnail":0,"footnotes":""},"class_list":["post-932","page","type-page","status-publish","hentry"],"_links":{"self":[{"href":"https:\/\/www.spring-baechler.ch\/index.php?rest_route=\/wp\/v2\/pages\/932","targetHints":{"allow":["GET"]}}],"collection":[{"href":"https:\/\/www.spring-baechler.ch\/index.php?rest_route=\/wp\/v2\/pages"}],"about":[{"href":"https:\/\/www.spring-baechler.ch\/index.php?rest_route=\/wp\/v2\/types\/page"}],"author":[{"embeddable":true,"href":"https:\/\/www.spring-baechler.ch\/index.php?rest_route=\/wp\/v2\/users\/1"}],"replies":[{"embeddable":true,"href":"https:\/\/www.spring-baechler.ch\/index.php?rest_route=%2Fwp%2Fv2%2Fcomments&post=932"}],"version-history":[{"count":0,"href":"https:\/\/www.spring-baechler.ch\/index.php?rest_route=\/wp\/v2\/pages\/932\/revisions"}],"wp:attachment":[{"href":"https:\/\/www.spring-baechler.ch\/index.php?rest_route=%2Fwp%2Fv2%2Fmedia&parent=932"}],"curies":[{"name":"wp","href":"https:\/\/api.w.org\/{rel}","templated":true}]}}