{"id":924,"date":"2022-04-13T16:03:17","date_gmt":"2022-04-13T14:03:17","guid":{"rendered":"https:\/\/www.spring-baechler.ch\/?page_id=924"},"modified":"2026-03-23T21:45:46","modified_gmt":"2026-03-23T20:45:46","slug":"swissdrink-kuehlanhaenger","status":"publish","type":"page","link":"https:\/\/www.spring-baechler.ch\/?page_id=924","title":{"rendered":"SwissDrink K\u00fchlanh\u00e4nger"},"content":{"rendered":"\n<div class=\"wp-block-group\"><div class=\"wp-block-group__inner-container is-layout-flow wp-block-group-is-layout-flow\">\n<h1 class=\"wp-block-heading\">UNSINN UKH 6C 3620-35-14<\/h1>\n\n\n\n<div class=\"wp-block-group\"><div class=\"wp-block-group__inner-container is-layout-flow wp-block-group-is-layout-flow\">\n<p>Technische Daten:<\/p>\n<\/div><\/div>\n\n\n\n<div class=\"wp-block-columns is-layout-flex wp-container-core-columns-is-layout-9d6595d7 wp-block-columns-is-layout-flex\">\n<div class=\"wp-block-column is-layout-flow wp-block-column-is-layout-flow\">\n<figure class=\"wp-block-table is-style-stripes\"><table class=\"has-fixed-layout\"><tbody><tr><td>Marke<\/td><td>UNSINN<\/td><\/tr><tr><td>Typ<\/td><td>UKH 6C 3620-35-14<\/td><\/tr><tr><td>Preis (inkl. MwSt)<\/td><td>CHF 17&#8217;900.-<\/td><\/tr><tr><td>Allgemeinzustand<\/td><td>Neu<\/td><\/tr><tr><td>Jahrgang<\/td><td>Neu<\/td><\/tr><tr><td>Km<\/td><td>Neu<\/td><\/tr><tr><td>Letzte MFK<\/td><td><\/td><\/tr><tr><td>Typenschein<\/td><td><\/td><\/tr><tr><td>Innenmasse (L\/B\/H)<\/td><td>3660x2040x1900mm<br>(6 Paletten)<\/td><\/tr><tr><td>Ladekanten-H<\/td><td>760mm<\/td><\/tr><tr><td>Aussenmasse (L\/B\/H)<\/td><td>5610x2170x2750mm<\/td><\/tr><tr><td>Gesamtgewicht<\/td><td>3500kg<\/td><\/tr><tr><td>Nutzlast<\/td><td>2325kg<\/td><\/tr><tr><td>Farbe<\/td><td>Weiss<\/td><\/tr><tr><td>Achsen<\/td><td>2<\/td><\/tr><tr><td>Bereifung<\/td><td>4x 185R14C<\/td><\/tr><tr><td>Fahrgestell<\/td><td>Verwindungssteifes, massives und durchgehendes 4-kant Rohrrahmen Fahrwerk, aus geschweisstem Stahlrahmenprofil, komplett im Tauchbad feuerverzinkt<\/td><\/tr><tr><td>Abst\u00fctzung<\/td><td>Verst\u00e4rktes, an einer sepraraten Quertraverse montiertes Schwerlast-St\u00fctzrad mit einer Tragkraft von 900kg mit einer Flanschplatte und verschraubt<br>Schwerlast-St\u00fctzenpaket mit 6 Tonnen Standlast<\/td><\/tr><tr><td>Aufbau<\/td><td>Robuste und feuerverzinkte Iso 45mm Thermo-Sandwich Stahlpaneele, Aussen- und Innen, Farbe in Weiss<br>Doppenfl\u00fcgelt\u00fcren mit je 3 Scharnieren, Alu-Heckrahmen mit Drehstangenverschluss, rechter T\u00fcrfl\u00fcgel abschliessbar, T\u00fcrfl\u00fcgel jeweils ca. 270\u00b0 umschlagbar, mit T\u00fcrr\u00fcckhalter.<\/td><\/tr><tr><td>K\u00fchlagregat<\/td><td>Turbo K\u00e4lteagregat<br>2814Watt K\u00e4lteleistung bei einer K\u00fchlraumtemperatur von 0\u00b0 und einer Umgebungstemperatur von 30\u00b0<br>Digitale Temperaturanzeige und -Regelung von -2\u00b0 bis +15\u00b0<br>230V Innenbeleuchtung<\/td><\/tr><tr><td>Elektrik<\/td><td>Beleuchtung mit 13-poligem Stecker<\/td><\/tr><tr><td>Sonderausr\u00fcstung<\/td><td>Einschiebbare Treppe hinten f\u00fcr leichtes be- und entladen<br>Stahl-Unterlegkehle mit Halterung<\/td><\/tr><\/tbody><\/table><\/figure>\n<\/div>\n\n\n\n<div class=\"wp-block-column is-layout-flow wp-block-column-is-layout-flow\">\n<div class=\"wp-block-columns is-layout-flex wp-container-core-columns-is-layout-9d6595d7 wp-block-columns-is-layout-flex\">\n<div class=\"wp-block-column is-layout-flow wp-block-column-is-layout-flow\">\n<figure class=\"wp-block-image size-full\"><a href=\"https:\/\/www.spring-baechler.ch\/wp-content\/uploads\/2026\/03\/UKH-6C-1a.jpg\" target=\"_blank\" rel=\"noopener\"><img loading=\"lazy\" decoding=\"async\" width=\"539\" height=\"389\" src=\"https:\/\/www.spring-baechler.ch\/wp-content\/uploads\/2026\/03\/UKH-6C-1a.jpg\" alt=\"\" class=\"wp-image-1714\"\/><\/a><\/figure>\n\n\n\n<figure class=\"wp-block-image size-full\"><a href=\"https:\/\/www.spring-baechler.ch\/wp-content\/uploads\/2026\/03\/UKH-6C-4a.jpg\" target=\"_blank\" rel=\"noreferrer noopener\"><img loading=\"lazy\" decoding=\"async\" width=\"900\" height=\"980\" src=\"https:\/\/www.spring-baechler.ch\/wp-content\/uploads\/2026\/03\/UKH-6C-4a.jpg\" alt=\"\" class=\"wp-image-1716\" srcset=\"https:\/\/www.spring-baechler.ch\/wp-content\/uploads\/2026\/03\/UKH-6C-4a.jpg 900w, https:\/\/www.spring-baechler.ch\/wp-content\/uploads\/2026\/03\/UKH-6C-4a-551x600.jpg 551w, https:\/\/www.spring-baechler.ch\/wp-content\/uploads\/2026\/03\/UKH-6C-4a-768x836.jpg 768w\" sizes=\"auto, (max-width: 900px) 100vw, 900px\" \/><\/a><\/figure>\n\n\n\n<figure class=\"wp-block-image size-full\"><a href=\"https:\/\/www.spring-baechler.ch\/wp-content\/uploads\/2026\/03\/UKH-6C-3a.jpg\" target=\"_blank\" rel=\"noreferrer noopener\"><img loading=\"lazy\" decoding=\"async\" width=\"900\" height=\"796\" src=\"https:\/\/www.spring-baechler.ch\/wp-content\/uploads\/2026\/03\/UKH-6C-3a.jpg\" alt=\"\" class=\"wp-image-1718\" srcset=\"https:\/\/www.spring-baechler.ch\/wp-content\/uploads\/2026\/03\/UKH-6C-3a.jpg 900w, https:\/\/www.spring-baechler.ch\/wp-content\/uploads\/2026\/03\/UKH-6C-3a-600x531.jpg 600w, https:\/\/www.spring-baechler.ch\/wp-content\/uploads\/2026\/03\/UKH-6C-3a-768x679.jpg 768w\" sizes=\"auto, (max-width: 900px) 100vw, 900px\" \/><\/a><\/figure>\n<\/div>\n\n\n\n<div class=\"wp-block-column is-layout-flow wp-block-column-is-layout-flow\">\n<figure class=\"wp-block-image size-full\"><a href=\"https:\/\/www.spring-baechler.ch\/wp-content\/uploads\/2026\/03\/UKH-6C-2a.jpg\" target=\"_blank\" rel=\"noopener\"><img loading=\"lazy\" decoding=\"async\" width=\"900\" height=\"885\" src=\"https:\/\/www.spring-baechler.ch\/wp-content\/uploads\/2026\/03\/UKH-6C-2a.jpg\" alt=\"\" class=\"wp-image-1715\" srcset=\"https:\/\/www.spring-baechler.ch\/wp-content\/uploads\/2026\/03\/UKH-6C-2a.jpg 900w, https:\/\/www.spring-baechler.ch\/wp-content\/uploads\/2026\/03\/UKH-6C-2a-600x590.jpg 600w, https:\/\/www.spring-baechler.ch\/wp-content\/uploads\/2026\/03\/UKH-6C-2a-768x755.jpg 768w, https:\/\/www.spring-baechler.ch\/wp-content\/uploads\/2026\/03\/UKH-6C-2a-50x50.jpg 50w, https:\/\/www.spring-baechler.ch\/wp-content\/uploads\/2026\/03\/UKH-6C-2a-80x80.jpg 80w\" sizes=\"auto, (max-width: 900px) 100vw, 900px\" \/><\/a><\/figure>\n\n\n\n<figure class=\"wp-block-image size-full\"><a href=\"https:\/\/www.spring-baechler.ch\/wp-content\/uploads\/2026\/03\/UKH-6C-5a.jpg\" target=\"_blank\" rel=\"noreferrer noopener\"><img loading=\"lazy\" decoding=\"async\" width=\"900\" height=\"675\" src=\"https:\/\/www.spring-baechler.ch\/wp-content\/uploads\/2026\/03\/UKH-6C-5a.jpg\" alt=\"\" class=\"wp-image-1717\" srcset=\"https:\/\/www.spring-baechler.ch\/wp-content\/uploads\/2026\/03\/UKH-6C-5a.jpg 900w, https:\/\/www.spring-baechler.ch\/wp-content\/uploads\/2026\/03\/UKH-6C-5a-600x450.jpg 600w, https:\/\/www.spring-baechler.ch\/wp-content\/uploads\/2026\/03\/UKH-6C-5a-768x576.jpg 768w, https:\/\/www.spring-baechler.ch\/wp-content\/uploads\/2026\/03\/UKH-6C-5a-400x300.jpg 400w\" sizes=\"auto, (max-width: 900px) 100vw, 900px\" \/><\/a><\/figure>\n\n\n\n<figure class=\"wp-block-image size-full\"><a href=\"https:\/\/www.spring-baechler.ch\/wp-content\/uploads\/2026\/03\/UKH-6C-6a.jpg\" target=\"_blank\" rel=\"noreferrer noopener\"><img loading=\"lazy\" decoding=\"async\" width=\"900\" height=\"676\" src=\"https:\/\/www.spring-baechler.ch\/wp-content\/uploads\/2026\/03\/UKH-6C-6a.jpg\" alt=\"\" class=\"wp-image-1719\" srcset=\"https:\/\/www.spring-baechler.ch\/wp-content\/uploads\/2026\/03\/UKH-6C-6a.jpg 900w, https:\/\/www.spring-baechler.ch\/wp-content\/uploads\/2026\/03\/UKH-6C-6a-600x451.jpg 600w, https:\/\/www.spring-baechler.ch\/wp-content\/uploads\/2026\/03\/UKH-6C-6a-768x577.jpg 768w, https:\/\/www.spring-baechler.ch\/wp-content\/uploads\/2026\/03\/UKH-6C-6a-400x300.jpg 400w\" sizes=\"auto, (max-width: 900px) 100vw, 900px\" \/><\/a><\/figure>\n<\/div>\n<\/div>\n<\/div>\n<\/div>\n<\/div><\/div>\n\n\n\n<p><\/p>\n","protected":false},"excerpt":{"rendered":"<p>UNSINN UKH 6C 3620-35-14 Technische Daten: Marke UNSINN Typ UKH 6C 3620-35-14 Preis (inkl. MwSt) CHF 17&#8217;900.- Allgemeinzustand Neu Jahrgang Neu Km Neu Letzte MFK Typenschein Innenmasse (L\/B\/H) 3660x2040x1900mm(6 Paletten) Ladekanten-H 760mm Aussenmasse (L\/B\/H) 5610x2170x2750mm Gesamtgewicht 3500kg Nutzlast 2325kg Farbe Weiss Achsen 2 Bereifung 4x 185R14C Fahrgestell Verwindungssteifes, massives und durchgehendes 4-kant Rohrrahmen Fahrwerk, aus [&hellip;]<\/p>\n","protected":false},"author":2,"featured_media":0,"parent":0,"menu_order":962,"comment_status":"closed","ping_status":"closed","template":"","meta":{"ngg_post_thumbnail":0,"footnotes":""},"class_list":["post-924","page","type-page","status-publish","hentry"],"_links":{"self":[{"href":"https:\/\/www.spring-baechler.ch\/index.php?rest_route=\/wp\/v2\/pages\/924","targetHints":{"allow":["GET"]}}],"collection":[{"href":"https:\/\/www.spring-baechler.ch\/index.php?rest_route=\/wp\/v2\/pages"}],"about":[{"href":"https:\/\/www.spring-baechler.ch\/index.php?rest_route=\/wp\/v2\/types\/page"}],"author":[{"embeddable":true,"href":"https:\/\/www.spring-baechler.ch\/index.php?rest_route=\/wp\/v2\/users\/2"}],"replies":[{"embeddable":true,"href":"https:\/\/www.spring-baechler.ch\/index.php?rest_route=%2Fwp%2Fv2%2Fcomments&post=924"}],"version-history":[{"count":0,"href":"https:\/\/www.spring-baechler.ch\/index.php?rest_route=\/wp\/v2\/pages\/924\/revisions"}],"wp:attachment":[{"href":"https:\/\/www.spring-baechler.ch\/index.php?rest_route=%2Fwp%2Fv2%2Fmedia&parent=924"}],"curies":[{"name":"wp","href":"https:\/\/api.w.org\/{rel}","templated":true}]}}