{"id":922,"date":"2022-04-13T16:10:43","date_gmt":"2022-04-13T14:10:43","guid":{"rendered":"https:\/\/www.spring-baechler.ch\/?page_id=922"},"modified":"2026-03-23T20:22:58","modified_gmt":"2026-03-23T19:22:58","slug":"neufahrzeug-iveco","status":"publish","type":"page","link":"https:\/\/www.spring-baechler.ch\/?page_id=922","title":{"rendered":"Neufahrzeug IVECO"},"content":{"rendered":"\n<div class=\"wp-block-group\"><div class=\"wp-block-group__inner-container is-layout-flow wp-block-group-is-layout-flow\">\n<h1 class=\"wp-block-heading\">IVECO Daily 35C 16H8 3-Seiten Kipper<\/h1>\n\n\n\n<div class=\"wp-block-group\"><div class=\"wp-block-group__inner-container is-layout-flow wp-block-group-is-layout-flow\">\n<p>Technische Daten:<\/p>\n<\/div><\/div>\n\n\n\n<div class=\"wp-block-columns is-layout-flex wp-container-core-columns-is-layout-9d6595d7 wp-block-columns-is-layout-flex\">\n<div class=\"wp-block-column is-layout-flow wp-block-column-is-layout-flow\" style=\"flex-basis:66%\">\n<figure class=\"wp-block-table is-style-stripes\"><table class=\"has-fixed-layout\"><tbody><tr><td>Marke<\/td><td>IVECO Daily <\/td><\/tr><tr><td>Typ<\/td><td>35C 18HA8<\/td><\/tr><tr><td>Preis exkl. MwSt<\/td><td>nach Absprache<\/td><\/tr><tr><td>Allgemeinzustand<\/td><td>Neufahrzeug<\/td><\/tr><tr><td>Jahrgang<\/td><td>neu<\/td><\/tr><tr><td>Km<\/td><td><\/td><\/tr><tr><td>Letzte MFK<\/td><td><\/td><\/tr><tr><td>Typenschein<\/td><td><\/td><\/tr><tr><td>Radstand<\/td><td>3450mm<\/td><\/tr><tr><td>Antrieb<\/td><td>Hinten<\/td><\/tr><tr><td>Achsen<\/td><td>2<\/td><\/tr><tr><td>Federung<\/td><td>Blattfederung<\/td><\/tr><tr><td>Pl\u00e4tze<\/td><td>3<\/td><\/tr><tr><td>Farbe<\/td><td>Weiss<\/td><\/tr><tr><td>Bereifung<\/td><td>195\/75R16C<\/td><\/tr><tr><td>Nutzlast<\/td><td>ca. 900 kg<\/td><\/tr><tr><td>Gesamtgewicht<\/td><td>3&#8217;500 kg<\/td><\/tr><tr><td>Gesamtzuggewicht<\/td><td><\/td><\/tr><tr><td>Motor-Hubraum<\/td><td>2998 ccm<\/td><\/tr><tr><td>Zylinder<\/td><td>4<\/td><\/tr><tr><td>Treibstoff<\/td><td>Diesel<\/td><\/tr><tr><td>Leistung<\/td><td>176 PS<\/td><\/tr><tr><td>Abgasnorm<\/td><td><\/td><\/tr><tr><td>Getriebe<\/td><td>Hi-Matic, 8-Gang Automat<\/td><\/tr><tr><td>Aufbau<\/td><td>Geser 3-Seiten Kipper<\/td><\/tr><tr><td>Sonderausstattung<\/td><td>&#8211; Fahrersitz Komfort, statisch, Armlehne und <br>Lendenwirbelst\u00fctze<br>&#8211; Anh\u00e4ngerkupplung mit 13-poliger Steckdose<br>&#8211; Blattfederung hinten verst\u00e4rkt<br>&#8211; Kraftstofftank 90 Liter integriert<br>&#8211; R\u00fcckspiegel f\u00fcr Aufbaubreite bis 2200mm mit verstellbarem Weitwinkelspiegel<\/td><\/tr><tr><td>Business Paket<\/td><td>&#8211; Tempomat<br>&#8211; zus\u00e4tzlicher Geschwindigkeits-begrenzer<br>&#8211; Klimaanlage manuell<br>&#8211; Klimakompressor 170ccm<br>&#8211; Lenks\u00e4ule verstellbar 2-fach<br>&#8211; Radio DAB+ mit Hi-Speed Dual Tuner und Spracherkennung, USB Anschluss, Bluetooth Freisprecheinrichtung<br>&#8211; zentrales Ablagefach mit USB Ladeanschluss<br><\/td><\/tr><\/tbody><\/table><\/figure>\n<\/div>\n\n\n\n<div class=\"wp-block-column is-layout-flow wp-block-column-is-layout-flow\">\n<div class=\"wp-block-columns is-layout-flex wp-container-core-columns-is-layout-9d6595d7 wp-block-columns-is-layout-flex\">\n<div class=\"wp-block-column is-layout-flow wp-block-column-is-layout-flow\">\n<figure class=\"wp-block-image size-full\"><a href=\"https:\/\/www.spring-baechler.ch\/wp-content\/uploads\/2025\/11\/bild2-scaled.jpg\" target=\"_blank\" rel=\"noreferrer noopener\"><img loading=\"lazy\" decoding=\"async\" width=\"2560\" height=\"1890\" src=\"https:\/\/www.spring-baechler.ch\/wp-content\/uploads\/2025\/11\/bild2-scaled.jpg\" alt=\"\" class=\"wp-image-1665\" srcset=\"https:\/\/www.spring-baechler.ch\/wp-content\/uploads\/2025\/11\/bild2-scaled.jpg 2560w, https:\/\/www.spring-baechler.ch\/wp-content\/uploads\/2025\/11\/bild2-600x443.jpg 600w, https:\/\/www.spring-baechler.ch\/wp-content\/uploads\/2025\/11\/bild2-1920x1417.jpg 1920w, https:\/\/www.spring-baechler.ch\/wp-content\/uploads\/2025\/11\/bild2-768x567.jpg 768w, https:\/\/www.spring-baechler.ch\/wp-content\/uploads\/2025\/11\/bild2-1536x1134.jpg 1536w, https:\/\/www.spring-baechler.ch\/wp-content\/uploads\/2025\/11\/bild2-2048x1512.jpg 2048w\" sizes=\"auto, (max-width: 2560px) 100vw, 2560px\" \/><\/a><\/figure>\n<\/div>\n<\/div>\n\n\n\n<figure class=\"wp-block-image size-full\"><a href=\"https:\/\/www.spring-baechler.ch\/wp-content\/uploads\/2025\/11\/bild1-scaled.jpg\" target=\"_blank\" rel=\"noreferrer noopener\"><img loading=\"lazy\" decoding=\"async\" width=\"2131\" height=\"2560\" src=\"https:\/\/www.spring-baechler.ch\/wp-content\/uploads\/2025\/11\/bild1-scaled.jpg\" alt=\"\" class=\"wp-image-1664\" srcset=\"https:\/\/www.spring-baechler.ch\/wp-content\/uploads\/2025\/11\/bild1-scaled.jpg 2131w, https:\/\/www.spring-baechler.ch\/wp-content\/uploads\/2025\/11\/bild1-499x600.jpg 499w, https:\/\/www.spring-baechler.ch\/wp-content\/uploads\/2025\/11\/bild1-1598x1920.jpg 1598w, https:\/\/www.spring-baechler.ch\/wp-content\/uploads\/2025\/11\/bild1-768x923.jpg 768w, https:\/\/www.spring-baechler.ch\/wp-content\/uploads\/2025\/11\/bild1-1278x1536.jpg 1278w, https:\/\/www.spring-baechler.ch\/wp-content\/uploads\/2025\/11\/bild1-1704x2048.jpg 1704w\" sizes=\"auto, (max-width: 2131px) 100vw, 2131px\" \/><\/a><\/figure>\n\n\n\n<figure class=\"wp-block-image size-large\"><a href=\"https:\/\/www.spring-baechler.ch\/wp-content\/uploads\/2025\/11\/bild3jpg-scaled.jpg\" target=\"_blank\" rel=\" noreferrer noopener\"><img loading=\"lazy\" decoding=\"async\" width=\"1920\" height=\"1240\" src=\"https:\/\/www.spring-baechler.ch\/wp-content\/uploads\/2025\/11\/bild3jpg-1920x1240.jpg\" alt=\"\" class=\"wp-image-1666\" srcset=\"https:\/\/www.spring-baechler.ch\/wp-content\/uploads\/2025\/11\/bild3jpg-1920x1240.jpg 1920w, https:\/\/www.spring-baechler.ch\/wp-content\/uploads\/2025\/11\/bild3jpg-600x388.jpg 600w, https:\/\/www.spring-baechler.ch\/wp-content\/uploads\/2025\/11\/bild3jpg-768x496.jpg 768w, https:\/\/www.spring-baechler.ch\/wp-content\/uploads\/2025\/11\/bild3jpg-1536x992.jpg 1536w, https:\/\/www.spring-baechler.ch\/wp-content\/uploads\/2025\/11\/bild3jpg-2048x1323.jpg 2048w\" sizes=\"auto, (max-width: 1920px) 100vw, 1920px\" \/><\/a><\/figure>\n<\/div>\n<\/div>\n<\/div><\/div>\n","protected":false},"excerpt":{"rendered":"<p>IVECO Daily 35C 16H8 3-Seiten Kipper Technische Daten: Marke IVECO Daily Typ 35C 18HA8 Preis exkl. MwSt nach Absprache Allgemeinzustand Neufahrzeug Jahrgang neu Km Letzte MFK Typenschein Radstand 3450mm Antrieb Hinten Achsen 2 Federung Blattfederung Pl\u00e4tze 3 Farbe Weiss Bereifung 195\/75R16C Nutzlast ca. 900 kg Gesamtgewicht 3&#8217;500 kg Gesamtzuggewicht Motor-Hubraum 2998 ccm Zylinder 4 Treibstoff [&hellip;]<\/p>\n","protected":false},"author":1,"featured_media":0,"parent":0,"menu_order":961,"comment_status":"closed","ping_status":"closed","template":"","meta":{"ngg_post_thumbnail":0,"footnotes":""},"class_list":["post-922","page","type-page","status-publish","hentry"],"_links":{"self":[{"href":"https:\/\/www.spring-baechler.ch\/index.php?rest_route=\/wp\/v2\/pages\/922","targetHints":{"allow":["GET"]}}],"collection":[{"href":"https:\/\/www.spring-baechler.ch\/index.php?rest_route=\/wp\/v2\/pages"}],"about":[{"href":"https:\/\/www.spring-baechler.ch\/index.php?rest_route=\/wp\/v2\/types\/page"}],"author":[{"embeddable":true,"href":"https:\/\/www.spring-baechler.ch\/index.php?rest_route=\/wp\/v2\/users\/1"}],"replies":[{"embeddable":true,"href":"https:\/\/www.spring-baechler.ch\/index.php?rest_route=%2Fwp%2Fv2%2Fcomments&post=922"}],"version-history":[{"count":0,"href":"https:\/\/www.spring-baechler.ch\/index.php?rest_route=\/wp\/v2\/pages\/922\/revisions"}],"wp:attachment":[{"href":"https:\/\/www.spring-baechler.ch\/index.php?rest_route=%2Fwp%2Fv2%2Fmedia&parent=922"}],"curies":[{"name":"wp","href":"https:\/\/api.w.org\/{rel}","templated":true}]}}