{"id":6,"date":"2022-02-21T09:49:59","date_gmt":"2022-02-21T08:49:59","guid":{"rendered":"https:\/\/spring-baechler.ch.univers.ch-meta.net\/?page_id=6"},"modified":"2025-11-13T07:25:07","modified_gmt":"2025-11-13T06:25:07","slug":"garage-spring-baechler-ag","status":"publish","type":"page","link":"https:\/\/www.spring-baechler.ch\/","title":{"rendered":"Willkommen"},"content":{"rendered":"\n<div class=\"wp-block-columns is-layout-flex wp-container-core-columns-is-layout-9d6595d7 wp-block-columns-is-layout-flex\">\n<div class=\"wp-block-column is-layout-flow wp-block-column-is-layout-flow\">\n<p><strong>Garage Spring-B\u00e4chler AG<\/strong>, Galteren 19, 1712 Tafers<\/p>\n\n\n\n<p><strong>Telefon:  +41 26 494 22 75<\/strong><br>E-Mail: info@spring-baechler.ch<\/p>\n\n\n\n<p>Unsere \u00d6ffnungszeiten:<br>Montag \u2013 Freitag: 07.30 \u2013 12.00 \/ 13.15 \u2013 17.30 Uhr<br>Samstag: nach Vereinbarung<\/p>\n\n\n\n<div style=\"height:25px\" aria-hidden=\"true\" class=\"wp-block-spacer\"><\/div>\n<\/div>\n\n\n\n<div class=\"wp-block-column is-layout-flow wp-block-column-is-layout-flow\"><div class=\"wp-block-image is-resized\">\n<figure class=\"aligncenter size-full\"><a href=\"https:\/\/www.spring-baechler.ch\/?page_id=942\"><img loading=\"lazy\" decoding=\"async\" width=\"600\" height=\"440\" src=\"https:\/\/www.spring-baechler.ch\/wp-content\/uploads\/2024\/10\/Lagerfahrzeuge.png\" alt=\"\" class=\"wp-image-1523\" title=\"Mehr zu unseren Lagerfahrzeugen ...\"\/><\/a><\/figure>\n<\/div><\/div>\n\n\n\n<div class=\"wp-block-column is-layout-flow wp-block-column-is-layout-flow\">\n<p>Die Garage Spring-B\u00e4chler AG, ihr professioneller  Vertrauens-Partner f\u00fcr wertsch\u00f6pfende Service-Leistungen und Multimarken-Service, wie Unterhalt, Reparaturen und den Verkauf von Nutzfahrzeugen. Sie finden bei uns ein reichhaltiges Angebot an Marken-Fahrzeugen, wie&nbsp;<strong>IVECO und vielf\u00e4ltige Anh\u00e4nger-Systeme<\/strong>.<br>Wir freuen uns, Sie pers\u00f6nlich, telefonisch oder per <br>E-Mail beraten zu d\u00fcrfen.<\/p>\n<\/div>\n<\/div>\n\n\n\n<div class=\"alignnormal\"><div id=\"metaslider-id-9\" style=\"width: 100%;\" class=\"ml-slider-3-107-0 metaslider metaslider-flex metaslider-9 ml-slider has-dots-nav ms-theme-default\" role=\"region\" aria-label=\"GSB\" data-height=\"500\" data-width=\"1920\">\n    <div id=\"metaslider_container_9\">\n        <div id=\"metaslider_9\">\n            <ul class='slides'>\n                <li style=\"display: block; width: 100%;\" class=\"slide-845 ms-image \" aria-roledescription=\"slide\" data-date=\"2022-03-13 21:55:17\" data-filename=\"Garage_Spring-Baechler_AG.jpg\" data-slide-type=\"image\"><img loading=\"lazy\" decoding=\"async\" src=\"https:\/\/www.spring-baechler.ch\/wp-content\/uploads\/2022\/03\/Garage_Spring-Baechler_AG.jpg\" height=\"500\" width=\"1920\" alt=\"\" class=\"slider-9 slide-845 msDefaultImage\" title=\"Garage_Spring-Baechler_AG\" \/><\/li>\n                <li style=\"display: none; width: 100%;\" class=\"slide-1701 ms-image \" aria-roledescription=\"slide\" data-date=\"2026-03-23 20:20:06\" data-filename=\"team_bild-1a-1.jpg\" data-slide-type=\"image\"><img loading=\"lazy\" decoding=\"async\" src=\"https:\/\/www.spring-baechler.ch\/wp-content\/uploads\/2026\/03\/team_bild-1a-1.jpg\" height=\"500\" width=\"1920\" alt=\"\" class=\"slider-9 slide-1701 msDefaultImage\" title=\"team_bild-1a\" \/><\/li>\n                <li style=\"display: none; width: 100%;\" class=\"slide-1695 ms-image \" aria-roledescription=\"slide\" data-date=\"2026-03-23 20:02:35\" data-filename=\"Range_my24_5a-1920x500.jpg\" data-slide-type=\"image\"><img loading=\"lazy\" decoding=\"async\" src=\"https:\/\/www.spring-baechler.ch\/wp-content\/uploads\/2026\/03\/Range_my24_5a-1920x500.jpg\" height=\"500\" width=\"1920\" alt=\"\" class=\"slider-9 slide-1695 msDefaultImage\" title=\"Range_my24_5a\" \/><\/li>\n                <li style=\"display: none; width: 100%;\" class=\"slide-1699 ms-image \" aria-roledescription=\"slide\" data-date=\"2026-03-23 20:19:21\" data-filename=\"iveco_edaily_img2-850x221.jpg\" data-slide-type=\"image\"><img loading=\"lazy\" decoding=\"async\" src=\"https:\/\/www.spring-baechler.ch\/wp-content\/uploads\/2024\/10\/iveco_edaily_img2-850x221.jpg\" height=\"500\" width=\"1920\" alt=\"\" class=\"slider-9 slide-1699 msDefaultImage\" title=\"iveco_edaily_img2\" \/><\/li>\n                <li style=\"display: none; width: 100%;\" class=\"slide-847 ms-image \" aria-roledescription=\"slide\" data-date=\"2022-03-13 22:02:34\" data-filename=\"Mietfahrzeuge.jpg\" data-slide-type=\"image\"><img loading=\"lazy\" decoding=\"async\" src=\"https:\/\/www.spring-baechler.ch\/wp-content\/uploads\/2022\/03\/Mietfahrzeuge.jpg\" height=\"500\" width=\"1920\" alt=\"\" class=\"slider-9 slide-847 msDefaultImage\" title=\"Mietfahrzeuge\" \/><\/li>\n                <li style=\"display: none; width: 100%;\" class=\"slide-875 ms-image \" aria-roledescription=\"slide\" data-date=\"2022-03-14 20:48:42\" data-filename=\"iveco_sl2.jpg\" data-slide-type=\"image\"><img loading=\"lazy\" decoding=\"async\" src=\"https:\/\/www.spring-baechler.ch\/wp-content\/uploads\/2025\/01\/iveco_sl2.jpg\" height=\"500\" width=\"1920\" alt=\"\" class=\"slider-9 slide-875 msDefaultImage\" title=\"iveco_sl2\" \/><\/li>\n                <li style=\"display: none; width: 100%;\" class=\"slide-849 ms-image \" aria-roledescription=\"slide\" data-date=\"2022-03-13 22:08:20\" data-filename=\"iveco_sl9.jpg\" data-slide-type=\"image\"><img loading=\"lazy\" decoding=\"async\" src=\"https:\/\/www.spring-baechler.ch\/wp-content\/uploads\/2025\/01\/iveco_sl9.jpg\" height=\"500\" width=\"1920\" alt=\"\" class=\"slider-9 slide-849 msDefaultImage\" title=\"iveco_sl9\" \/><\/li>\n                <li style=\"display: none; width: 100%;\" class=\"slide-1633 ms-image \" aria-roledescription=\"slide\" data-date=\"2025-01-17 18:34:59\" data-filename=\"iveco_sl5.jpg\" data-slide-type=\"image\"><img loading=\"lazy\" decoding=\"async\" src=\"https:\/\/www.spring-baechler.ch\/wp-content\/uploads\/2025\/01\/iveco_sl5.jpg\" height=\"500\" width=\"1920\" alt=\"\" class=\"slider-9 slide-1633 msDefaultImage\" title=\"iveco_sl5\" \/><\/li>\n                <li style=\"display: none; width: 100%;\" class=\"slide-1644 ms-image \" aria-roledescription=\"slide\" data-date=\"2025-01-17 18:43:12\" data-filename=\"iveco_sl10.jpg\" data-slide-type=\"image\"><img loading=\"lazy\" decoding=\"async\" src=\"https:\/\/www.spring-baechler.ch\/wp-content\/uploads\/2025\/01\/iveco_sl10.jpg\" height=\"500\" width=\"1920\" alt=\"\" class=\"slider-9 slide-1644 msDefaultImage\" title=\"iveco_sl10\" \/><\/li>\n                <li style=\"display: none; width: 100%;\" class=\"slide-879 ms-image \" aria-roledescription=\"slide\" data-date=\"2022-03-14 20:51:15\" data-filename=\"iveco_sl3.jpg\" data-slide-type=\"image\"><img loading=\"lazy\" decoding=\"async\" src=\"https:\/\/www.spring-baechler.ch\/wp-content\/uploads\/2025\/01\/iveco_sl3.jpg\" height=\"500\" width=\"1920\" alt=\"\" class=\"slider-9 slide-879 msDefaultImage\" title=\"iveco_sl3\" \/><\/li>\n                <li style=\"display: none; width: 100%;\" class=\"slide-646 ms-image \" aria-roledescription=\"slide\" data-date=\"2022-03-08 18:05:50\" data-filename=\"iveco_sl4.jpg\" data-slide-type=\"image\"><img loading=\"lazy\" decoding=\"async\" src=\"https:\/\/www.spring-baechler.ch\/wp-content\/uploads\/2025\/01\/iveco_sl4.jpg\" height=\"500\" width=\"1920\" alt=\"\" class=\"slider-9 slide-646 msDefaultImage\" title=\"iveco_sl4\" \/><\/li>\n                <li style=\"display: none; width: 100%;\" class=\"slide-1635 ms-image \" aria-roledescription=\"slide\" data-date=\"2025-01-17 18:35:37\" data-filename=\"iveco_sl6.jpg\" data-slide-type=\"image\"><img loading=\"lazy\" decoding=\"async\" src=\"https:\/\/www.spring-baechler.ch\/wp-content\/uploads\/2025\/01\/iveco_sl6.jpg\" height=\"500\" width=\"1920\" alt=\"\" class=\"slider-9 slide-1635 msDefaultImage\" title=\"iveco_sl6\" \/><\/li>\n                <li style=\"display: none; width: 100%;\" class=\"slide-1640 ms-image \" aria-roledescription=\"slide\" data-date=\"2025-01-17 18:36:18\" data-filename=\"iveco_sl8.jpg\" data-slide-type=\"image\"><img loading=\"lazy\" decoding=\"async\" src=\"https:\/\/www.spring-baechler.ch\/wp-content\/uploads\/2025\/01\/iveco_sl8.jpg\" height=\"500\" width=\"1920\" alt=\"\" class=\"slider-9 slide-1640 msDefaultImage\" title=\"iveco_sl8\" \/><\/li>\n                <li style=\"display: none; width: 100%;\" class=\"slide-156 ms-image \" aria-roledescription=\"slide\" data-date=\"2022-02-22 17:37:19\" data-filename=\"sb_bild_03.jpg\" data-slide-type=\"image\"><img loading=\"lazy\" decoding=\"async\" src=\"https:\/\/www.spring-baechler.ch\/wp-content\/uploads\/2022\/02\/sb_bild_03.jpg\" height=\"500\" width=\"1920\" alt=\"\" class=\"slider-9 slide-156 msDefaultImage\" title=\"Vielseitige Anh\u00e4nger-Produkte\" \/><\/li>\n                <li style=\"display: none; width: 100%;\" class=\"slide-1637 ms-image \" aria-roledescription=\"slide\" data-date=\"2025-01-17 18:36:06\" data-filename=\"iveco_sl7.jpg\" data-slide-type=\"image\"><img loading=\"lazy\" decoding=\"async\" src=\"https:\/\/www.spring-baechler.ch\/wp-content\/uploads\/2025\/01\/iveco_sl7.jpg\" height=\"500\" width=\"1920\" alt=\"\" class=\"slider-9 slide-1637 msDefaultImage\" title=\"iveco_sl7\" \/><\/li>\n            <\/ul>\n        <\/div>\n        \n    <\/div>\n<\/div><\/div>\n\n\n\n<p class=\"has-text-align-center\">Unsere Markenprodukte f\u00fcr Ihren Einsatz<\/p>\n\n\n\n<div class=\"wp-block-columns is-layout-flex wp-container-core-columns-is-layout-9d6595d7 wp-block-columns-is-layout-flex\">\n<div class=\"wp-block-column is-layout-flow wp-block-column-is-layout-flow\" style=\"flex-basis:25%\"><div class=\"wp-block-image is-resized\">\n<figure class=\"aligncenter size-full\"><a href=\"https:\/\/www.spring-baechler.ch\/?page_id=93\"><img loading=\"lazy\" decoding=\"async\" width=\"700\" height=\"500\" src=\"https:\/\/www.spring-baechler.ch\/wp-content\/uploads\/2024\/10\/iveco_daily_b.jpg\" alt=\"\" class=\"wp-image-1410\" title=\"Zu den IVECO Hersteller Seiten...\" srcset=\"https:\/\/www.spring-baechler.ch\/wp-content\/uploads\/2024\/10\/iveco_daily_b.jpg 700w, https:\/\/www.spring-baechler.ch\/wp-content\/uploads\/2024\/10\/iveco_daily_b-600x429.jpg 600w\" sizes=\"auto, (max-width: 700px) 100vw, 700px\" \/><\/a><figcaption class=\"wp-element-caption\"><strong>IVECO Nutzfahrzeuge<\/strong><\/figcaption><\/figure>\n<\/div><\/div>\n\n\n\n<div class=\"wp-block-column is-layout-flow wp-block-column-is-layout-flow\" style=\"flex-basis:50%\">\n<div class=\"wp-block-columns is-layout-flex wp-container-core-columns-is-layout-9d6595d7 wp-block-columns-is-layout-flex\">\n<div class=\"wp-block-column is-layout-flow wp-block-column-is-layout-flow\"><div class=\"wp-block-image is-resized\">\n<figure class=\"aligncenter size-full\"><a href=\"https:\/\/www.unsinn.de\/\" target=\"_blank\" rel=\"noopener\"><img loading=\"lazy\" decoding=\"async\" width=\"632\" height=\"490\" src=\"https:\/\/www.spring-baechler.ch\/wp-content\/uploads\/2022\/02\/UNSINN_Kippanhaenger.jpg\" alt=\"\" class=\"wp-image-164\" title=\"Zu den UNSINN Hersteller Seiten...\" srcset=\"https:\/\/www.spring-baechler.ch\/wp-content\/uploads\/2022\/02\/UNSINN_Kippanhaenger.jpg 632w, https:\/\/www.spring-baechler.ch\/wp-content\/uploads\/2022\/02\/UNSINN_Kippanhaenger-300x233.jpg 300w\" sizes=\"auto, (max-width: 632px) 100vw, 632px\" \/><\/a><figcaption class=\"wp-element-caption\"><strong>UNSINN Anh\u00e4nger<\/strong><\/figcaption><\/figure>\n<\/div><\/div>\n\n\n\n<div class=\"wp-block-column is-layout-flow wp-block-column-is-layout-flow\"><div class=\"wp-block-image is-resized\">\n<figure class=\"aligncenter size-large\"><a href=\"https:\/\/www.spring-baechler.ch\/?page_id=93\/#Anhaenger\"><img loading=\"lazy\" decoding=\"async\" width=\"1024\" height=\"704\" src=\"https:\/\/www.spring-baechler.ch\/wp-content\/uploads\/2022\/03\/Cheval-Liberte-1024x704.jpg\" alt=\"\" class=\"wp-image-470\" title=\"Zu den weiteren Anh\u00e4nger-Systemen...\" srcset=\"https:\/\/www.spring-baechler.ch\/wp-content\/uploads\/2022\/03\/Cheval-Liberte-1024x704.jpg 1024w, https:\/\/www.spring-baechler.ch\/wp-content\/uploads\/2022\/03\/Cheval-Liberte-300x206.jpg 300w, https:\/\/www.spring-baechler.ch\/wp-content\/uploads\/2022\/03\/Cheval-Liberte-768x528.jpg 768w, https:\/\/www.spring-baechler.ch\/wp-content\/uploads\/2022\/03\/Cheval-Liberte.jpg 1040w\" sizes=\"auto, (max-width: 1024px) 100vw, 1024px\" \/><\/a><figcaption class=\"wp-element-caption\"><strong>Weitere Anh\u00e4nger-Systeme<\/strong><\/figcaption><\/figure>\n<\/div><\/div>\n<\/div>\n<\/div>\n\n\n\n<div class=\"wp-block-column is-layout-flow wp-block-column-is-layout-flow\" style=\"flex-basis:25%\"><div class=\"wp-block-image is-resized\">\n<figure class=\"aligncenter size-full\"><a href=\"https:\/\/www.spring-baechler.ch\/?page_id=95\"><img loading=\"lazy\" decoding=\"async\" width=\"850\" height=\"565\" src=\"https:\/\/www.spring-baechler.ch\/wp-content\/uploads\/2024\/10\/iveco_range1.jpg\" alt=\"\" class=\"wp-image-1413\" title=\"Zum unseren Leistungs-Angeboten...\" srcset=\"https:\/\/www.spring-baechler.ch\/wp-content\/uploads\/2024\/10\/iveco_range1.jpg 850w, https:\/\/www.spring-baechler.ch\/wp-content\/uploads\/2024\/10\/iveco_range1-600x399.jpg 600w, https:\/\/www.spring-baechler.ch\/wp-content\/uploads\/2024\/10\/iveco_range1-768x510.jpg 768w\" sizes=\"auto, (max-width: 850px) 100vw, 850px\" \/><\/a><figcaption class=\"wp-element-caption\"><strong>Multimarken-Service<\/strong><\/figcaption><\/figure>\n<\/div><\/div>\n<\/div>\n\n\n\n<p><\/p>\n","protected":false},"excerpt":{"rendered":"<p>Garage Spring-B\u00e4chler AG, Galteren 19, 1712 Tafers Telefon: +41 26 494 22 75E-Mail: info@spring-baechler.ch Unsere \u00d6ffnungszeiten:Montag \u2013 Freitag: 07.30 \u2013 12.00 \/ 13.15 \u2013 17.30 UhrSamstag: nach Vereinbarung Die Garage Spring-B\u00e4chler AG, ihr professioneller Vertrauens-Partner f\u00fcr wertsch\u00f6pfende Service-Leistungen und Multimarken-Service, wie Unterhalt, Reparaturen und den Verkauf von Nutzfahrzeugen. Sie finden bei uns ein reichhaltiges Angebot [&hellip;]<\/p>\n","protected":false},"author":1,"featured_media":0,"parent":0,"menu_order":10,"comment_status":"closed","ping_status":"closed","template":"","meta":{"ngg_post_thumbnail":0,"footnotes":""},"class_list":["post-6","page","type-page","status-publish","hentry"],"_links":{"self":[{"href":"https:\/\/www.spring-baechler.ch\/index.php?rest_route=\/wp\/v2\/pages\/6","targetHints":{"allow":["GET"]}}],"collection":[{"href":"https:\/\/www.spring-baechler.ch\/index.php?rest_route=\/wp\/v2\/pages"}],"about":[{"href":"https:\/\/www.spring-baechler.ch\/index.php?rest_route=\/wp\/v2\/types\/page"}],"author":[{"embeddable":true,"href":"https:\/\/www.spring-baechler.ch\/index.php?rest_route=\/wp\/v2\/users\/1"}],"replies":[{"embeddable":true,"href":"https:\/\/www.spring-baechler.ch\/index.php?rest_route=%2Fwp%2Fv2%2Fcomments&post=6"}],"version-history":[{"count":0,"href":"https:\/\/www.spring-baechler.ch\/index.php?rest_route=\/wp\/v2\/pages\/6\/revisions"}],"wp:attachment":[{"href":"https:\/\/www.spring-baechler.ch\/index.php?rest_route=%2Fwp%2Fv2%2Fmedia&parent=6"}],"curies":[{"name":"wp","href":"https:\/\/api.w.org\/{rel}","templated":true}]}}