{"id":3,"date":"2022-02-16T11:32:58","date_gmt":"2022-02-16T10:32:58","guid":{"rendered":"https:\/\/spring-baechler.ch.univers.ch-meta.net\/?page_id=3"},"modified":"2025-11-13T07:27:41","modified_gmt":"2025-11-13T06:27:41","slug":"datenschutzerklaerung","status":"publish","type":"page","link":"https:\/\/www.spring-baechler.ch\/?page_id=3","title":{"rendered":"Datenschutzerkl\u00e4rung"},"content":{"rendered":"\n<p class=\"has-large-font-size\">1. <strong>Verantwortlich f\u00fcr die Datenbearbeitung<\/strong><\/p>\n\n\n\n<p>Die Garage Spring-B\u00e4chler AG bearbeitet Daten ausschliesslich auf Grundlage der gesetzlichen Vorgaben und Bestimmungen des schweizerischen Datenschutzgesetzes (Bundesgesetz \u00fcber den Datenschutz (DSG); SR 235.1) und die Datenschutzverordnung (Verordnung zum Bundesgesetz \u00fcber den Datenschutz (VDSG); SR 235.11). Die Verantwortlichkeiten f\u00fcr die auf dem Webauftritt www.spring-baechler.ch erhobenen und bearbeiteten Daten, gem\u00e4ss Art. 19 des Schweizerischen Datenschutzgesetzes SR 235.1, liegen bei:<\/p>\n\n\n\n<p>Garage Spring-B\u00e4chler AG<br>Galteren 19<br>CH-1712 Tafers<\/p>\n\n\n\n<p>Telefon: +41 26\u00a0494 22 75<br>E-Mail: info@spring-baechler.ch<\/p>\n\n\n\n<p class=\"has-large-font-size\"><strong>2. Erhobene Daten<\/strong><\/p>\n\n\n\n<p>Auf dem Webauftritt der Garage Spring-Baechler AG werden keine pers\u00f6nlichen Daten erfasst. Die auf dem Webauftritt www.spring-baechler.ch erhobenen Daten sind ausschliesslich technische Daten, welche durch das System des Webbetreibers (Webhoster) aufgezeichnet und gespeichert werden. Die Erfassung dieser Daten erfolgt automatisch und dienen ausschliesslich der \u00dcberwachung der technischen Funktionalit\u00e4t und Verf\u00fcgbarkeit des Webauftritts www.spring-baechler.ch.<\/p>\n\n\n\n<p>Folgende technische Daten werden erfasst:<\/p>\n\n\n\n<ul class=\"wp-block-list\">\n<li>&#8211; verwendeter Browsertyp\/-version (Internet Explorer)<\/li>\n\n\n\n<li>&#8211; verwendetes Betriebssystem<\/li>\n\n\n\n<li>&#8211; Verweis-URL (die zuvor besuchte Webseite)<\/li>\n\n\n\n<li>&#8211; Hostname und IP Adresse des Rechners des Besuchers<\/li>\n\n\n\n<li>&#8211; Datum und Uhrzeit des Zugriffs (Serveranfrage)<\/li>\n\n\n\n<li>&#8211; Name der aufgerufenen Seiten und Dateien<\/li>\n\n\n\n<li>&#8211; die \u00fcbertragene Datenmenge<\/li>\n\n\n\n<li>&#8211; Meldung \u00fcber erfolgreichen Abruf<\/li>\n<\/ul>\n\n\n\n<p>Die erfassten technischen Daten k\u00f6nnen nicht bestimmten Personen zugeordnet werden, und werden vom Webhoster statistisch und anonym ausgewertet, soweit es die technische \u00dcberwachung oder die gesetzlichen Bestimmungen erfordern. Nach der gesetzlichen Aufbewahrungspflicht werden diese Daten automatisch gel\u00f6scht. Diese Daten werden streng vertraulich behandelt, nicht weitergegeben und nicht Dritten zug\u00e4nglich gemacht. Diese Daten sowie alle Daten unserer Website www.spring-baechler.ch werden bei unserem Webhoster METANET AG, Josefstrasse 218, CH-8005 Z\u00fcrich gespeichert, deren Datenschutzerkl\u00e4rung finden Sie <strong><a href=\"https:\/\/www.metanet.ch\/de\/ueber-metanet\/datenschutzerklaerung\" target=\"_blank\" rel=\"noreferrer noopener\">hier<\/a><\/strong>.<\/p>\n\n\n\n<p class=\"has-large-font-size\"><strong>3. Datensicherheit<\/strong><\/p>\n\n\n\n<p>Alle Daten\u00fcbertragungen des Webauftritts www.spring-baechler.ch erfolgen mittels SSL Verschl\u00fcsselung (https) gem\u00e4ss dem aktuellen Stand der technischen M\u00f6glichkeiten und werden entsprechend dem technischen Fortschritt fortlaufend \u00fcberpr\u00fcft und verbessert.<\/p>\n\n\n\n<p class=\"has-large-font-size\"><strong>4. Cookies und Analysedienste<\/strong><\/p>\n\n\n\n<p>Der Webauftritt www.spring-baechler.ch nutzt keine Cookies und keine Analysedienste. Es finden somit keine statistischen Erhebungen, sowie keine benutzer- oder personenbezogenen Analysen statt, welche das Benutzerverhalten auswerten oder beeinflussen k\u00f6nnten.<\/p>\n\n\n\n<p class=\"has-large-font-size\"><strong>5. Verwendung von Google Maps<\/strong><\/p>\n\n\n\n<p>Diese Website verwendet Google Maps ausschliesslich im Interesse einer leichten Auffindbarkeit unseres Unternehmens. N\u00e4here Informationen \u00fcber die Datenverarbeitung durch Google k\u00f6nnen Sie den <strong><a href=\"http:\/\/www.google.com\/privacypolicy.html\" target=\"_blank\" rel=\"noreferrer noopener\">Google-Datenschutzhinweisen<\/a><\/strong> entnehmen. Dort k\u00f6nnen Sie im Datenschutzcenter auch Ihre pers\u00f6nlichen Datenschutz-Einstellungen ver\u00e4ndern.<\/p>\n\n\n\n<p>Ausf\u00fchrliche Anleitungen zur Verwaltung der eigenen Daten im Zusammenhang mit Google-Produkten finden Sie <strong><a href=\"http:\/\/www.dataliberation.org\/\" target=\"_blank\" rel=\"noreferrer noopener\">hier<\/a><\/strong>.<\/p>\n\n\n\n<p class=\"has-large-font-size\"><strong>6. Ausk\u00fcnfte<\/strong><\/p>\n\n\n\n<p>Allf\u00e4llige Ausk\u00fcnfte zur Datenbearbeitung, Berichtigungen, Sperrungen oder L\u00f6schungen, sind schriftlich an den Verantwortlichen gem\u00e4ss Punkt 1. zu richten.<\/p>\n","protected":false},"excerpt":{"rendered":"<p>1. Verantwortlich f\u00fcr die Datenbearbeitung Die Garage Spring-B\u00e4chler AG bearbeitet Daten ausschliesslich auf Grundlage der gesetzlichen Vorgaben und Bestimmungen des schweizerischen Datenschutzgesetzes (Bundesgesetz \u00fcber den Datenschutz (DSG); SR 235.1) und die Datenschutzverordnung (Verordnung zum Bundesgesetz \u00fcber den Datenschutz (VDSG); SR 235.11). Die Verantwortlichkeiten f\u00fcr die auf dem Webauftritt www.spring-baechler.ch erhobenen und bearbeiteten Daten, gem\u00e4ss Art. [&hellip;]<\/p>\n","protected":false},"author":1,"featured_media":0,"parent":0,"menu_order":95,"comment_status":"closed","ping_status":"open","template":"","meta":{"ngg_post_thumbnail":0,"footnotes":""},"class_list":["post-3","page","type-page","status-publish","hentry"],"_links":{"self":[{"href":"https:\/\/www.spring-baechler.ch\/index.php?rest_route=\/wp\/v2\/pages\/3","targetHints":{"allow":["GET"]}}],"collection":[{"href":"https:\/\/www.spring-baechler.ch\/index.php?rest_route=\/wp\/v2\/pages"}],"about":[{"href":"https:\/\/www.spring-baechler.ch\/index.php?rest_route=\/wp\/v2\/types\/page"}],"author":[{"embeddable":true,"href":"https:\/\/www.spring-baechler.ch\/index.php?rest_route=\/wp\/v2\/users\/1"}],"replies":[{"embeddable":true,"href":"https:\/\/www.spring-baechler.ch\/index.php?rest_route=%2Fwp%2Fv2%2Fcomments&post=3"}],"version-history":[{"count":0,"href":"https:\/\/www.spring-baechler.ch\/index.php?rest_route=\/wp\/v2\/pages\/3\/revisions"}],"wp:attachment":[{"href":"https:\/\/www.spring-baechler.ch\/index.php?rest_route=%2Fwp%2Fv2%2Fmedia&parent=3"}],"curies":[{"name":"wp","href":"https:\/\/api.w.org\/{rel}","templated":true}]}}