{"id":109,"date":"2022-02-21T20:16:55","date_gmt":"2022-02-21T19:16:55","guid":{"rendered":"https:\/\/spring-baechler.ch.univers.ch-meta.net\/?page_id=109"},"modified":"2025-11-13T07:27:27","modified_gmt":"2025-11-13T06:27:27","slug":"impressum","status":"publish","type":"page","link":"https:\/\/www.spring-baechler.ch\/?page_id=109","title":{"rendered":"Impressum"},"content":{"rendered":"\n<div class=\"wp-block-columns is-layout-flex wp-container-core-columns-is-layout-9d6595d7 wp-block-columns-is-layout-flex\">\n<div class=\"wp-block-column is-layout-flow wp-block-column-is-layout-flow\" style=\"flex-basis:66.66%\">\n<p>Verantwortlich f\u00fcr den Inhalt dieser Website und unsere Gesch\u00e4ftsadresse:<\/p>\n\n\n\n<p><strong>Garage Spring-B\u00e4chler AG<br>Galteren 19<br>1712 Tafers<\/strong><\/p>\n\n\n\n<p>Telefon: +41 26 494 22 75<br>E-Mail: info@spring-baechler.ch<\/p>\n<\/div>\n\n\n\n<div class=\"wp-block-column is-layout-flow wp-block-column-is-layout-flow\" style=\"flex-basis:33.33%\">\n<figure class=\"wp-block-image size-large\"><img loading=\"lazy\" decoding=\"async\" width=\"1024\" height=\"276\" src=\"https:\/\/www.spring-baechler.ch\/wp-content\/uploads\/2022\/02\/Logo-sbg-1024x276.jpg\" alt=\"\" class=\"wp-image-25\"\/><\/figure>\n<\/div>\n<\/div>\n\n\n\n<p class=\"has-large-font-size\"><strong>Haftung<\/strong><\/p>\n\n\n\n<p>Die ver\u00f6ffentlichten Inhalte sind mit aller Sorgfalt auf deren Richtigkeit gepr\u00fcft. Trotzdem kann hinsichtlich der inhaltlichen Richtigkeit, Genauigkeit, Aktualit\u00e4t, Zuverl\u00e4ssigkeit und Vollst\u00e4ndigkeit der vorliegenden Informationsinhalte keine Gew\u00e4hrleistung \u00fcbernommen werden.<\/p>\n\n\n\n<p>Die Garage Spring-B\u00e4chler AG beh\u00e4lt sich das ausdr\u00fcckliche Recht vor, jederzeit Inhalte ohne Ank\u00fcndigung ganz oder teilweise zu \u00e4ndern, zu l\u00f6schen oder zeitweise nicht zu ver\u00f6ffentlichen.<\/p>\n\n\n\n<p>Haftungsanspr\u00fcche gegen die Garage Spring-B\u00e4chler AG, wie Sch\u00e4den materieller oder immaterieller Art, welche aus dem Zugriff oder der Nutzung bzw. Nichtnutzung der ver\u00f6ffentlichten Informationen, durch Missbrauch der Verbindung oder durch technische St\u00f6rungsf\u00e4lle entstanden sind, werden ausgeschlossen.<\/p>\n\n\n\n<p class=\"has-large-font-size\"><strong>Verweise und Links<\/strong><\/p>\n\n\n\n<p>Allf\u00e4llige Verweise oder Verlinkungen auf Webseiten Dritter liegen ausserhalb des Verantwortungsbereichs der Garage Spring-B\u00e4chler AG und deren Inhaltsverantwortlichen. Zugriffe und Nutzung Webseiten Dritter erfolgen auf eigene Gefahr des Benutzers oder der Benutzerin. Informationsinhalte, Angebote, Dienstleistungen, usw., von verkn\u00fcpften Webseiten Dritter liegen vollumf\u00e4nglich in der Verantwortung des jeweiligen Dritten. Die Garage Spring-B\u00e4chler AG und deren Inhaltsverantwortlichen, deklarieren explizit, dass sie keinen Einfluss auf Inhalte, Angebote, usw., der verkn\u00fcpften Seiten haben. F\u00fcr Webseiten Dritter wird jegliche Haftung abgelehnt.<\/p>\n\n\n\n<p class=\"has-large-font-size\"><strong>Urheberrechte<\/strong><\/p>\n\n\n\n<p>S\u00e4mtliche publizierten Fotos, Videos, Produktdarstellungen oder Beschreibungen befinden sich im Urheberrecht der Garage Spring-B\u00e4chler AG, oder der aufgef\u00fchrten Vertragspartner. Bei Interesse an einem Foto, ist die schriftliche Zustimmung der Garage Spring-B\u00e4chler AG oder der Vertragspartner und Hersteller einzuholen. Die erw\u00e4hnten oder verwendeten Firmennamen sind Eigentum der genannten Firmen und unterliegen dem Urheberrecht der aufgef\u00fchrten Firmen.<\/p>\n\n\n\n<p><em>Bildnachweise:<\/em><\/p>\n\n\n\n<p>Garage Spring-B\u00e4chler AG<br>sowie Vertragspartner<\/p>\n","protected":false},"excerpt":{"rendered":"<p>Verantwortlich f\u00fcr den Inhalt dieser Website und unsere Gesch\u00e4ftsadresse: Garage Spring-B\u00e4chler AGGalteren 191712 Tafers Telefon: +41 26 494 22 75E-Mail: info@spring-baechler.ch Haftung Die ver\u00f6ffentlichten Inhalte sind mit aller Sorgfalt auf deren Richtigkeit gepr\u00fcft. Trotzdem kann hinsichtlich der inhaltlichen Richtigkeit, Genauigkeit, Aktualit\u00e4t, Zuverl\u00e4ssigkeit und Vollst\u00e4ndigkeit der vorliegenden Informationsinhalte keine Gew\u00e4hrleistung \u00fcbernommen werden. Die Garage Spring-B\u00e4chler AG [&hellip;]<\/p>\n","protected":false},"author":1,"featured_media":0,"parent":0,"menu_order":94,"comment_status":"closed","ping_status":"closed","template":"","meta":{"ngg_post_thumbnail":0,"footnotes":""},"class_list":["post-109","page","type-page","status-publish","hentry"],"_links":{"self":[{"href":"https:\/\/www.spring-baechler.ch\/index.php?rest_route=\/wp\/v2\/pages\/109","targetHints":{"allow":["GET"]}}],"collection":[{"href":"https:\/\/www.spring-baechler.ch\/index.php?rest_route=\/wp\/v2\/pages"}],"about":[{"href":"https:\/\/www.spring-baechler.ch\/index.php?rest_route=\/wp\/v2\/types\/page"}],"author":[{"embeddable":true,"href":"https:\/\/www.spring-baechler.ch\/index.php?rest_route=\/wp\/v2\/users\/1"}],"replies":[{"embeddable":true,"href":"https:\/\/www.spring-baechler.ch\/index.php?rest_route=%2Fwp%2Fv2%2Fcomments&post=109"}],"version-history":[{"count":0,"href":"https:\/\/www.spring-baechler.ch\/index.php?rest_route=\/wp\/v2\/pages\/109\/revisions"}],"wp:attachment":[{"href":"https:\/\/www.spring-baechler.ch\/index.php?rest_route=%2Fwp%2Fv2%2Fmedia&parent=109"}],"curies":[{"name":"wp","href":"https:\/\/api.w.org\/{rel}","templated":true}]}}