{"id":107,"date":"2022-02-21T20:16:03","date_gmt":"2022-02-21T19:16:03","guid":{"rendered":"https:\/\/spring-baechler.ch.univers.ch-meta.net\/?page_id=107"},"modified":"2025-11-13T07:25:52","modified_gmt":"2025-11-13T06:25:52","slug":"ueber-uns","status":"publish","type":"page","link":"https:\/\/www.spring-baechler.ch\/?page_id=107","title":{"rendered":"\u00dcber uns"},"content":{"rendered":"\n<div class=\"wp-block-columns is-layout-flex wp-container-core-columns-is-layout-9d6595d7 wp-block-columns-is-layout-flex\">\n<div class=\"wp-block-column is-layout-flow wp-block-column-is-layout-flow\" style=\"flex-basis:25%\">\n<div style=\"height:40px\" aria-hidden=\"true\" class=\"wp-block-spacer\"><\/div>\n\n\n\n<p>Garage Spring-B\u00e4chler AG<br>Galteren 19<br>CH-1712 Tafers<\/p>\n\n\n\n<p>Tel.: +41 26 494 22 75<br>E-Mail: info@spring-baechler.ch<\/p>\n<\/div>\n\n\n\n<div class=\"wp-block-column is-layout-flow wp-block-column-is-layout-flow\" style=\"flex-basis:25%\">\n<div style=\"height:60px\" aria-hidden=\"true\" class=\"wp-block-spacer\"><\/div>\n\n\n\n<p class=\"has-text-align-center\"><strong><em>Reto B\u00e4chler<\/em><\/strong><\/p>\n\n\n\n<p class=\"has-text-align-center\">Gesch\u00e4ftsf\u00fchrer<br>Kundenbetreuung<br>Verkauf<br>Werkstattchef<\/p>\n<\/div>\n\n\n\n<div class=\"wp-block-column is-layout-flow wp-block-column-is-layout-flow\" style=\"flex-basis:25%\"><div class=\"wp-block-image\">\n<figure class=\"aligncenter size-large\"><a href=\"https:\/\/www.spring-baechler.ch\/wp-content\/uploads\/2022\/03\/Reto-Baechler-1.jpg\" target=\"_blank\" rel=\"noreferrer noopener\"><img loading=\"lazy\" decoding=\"async\" width=\"767\" height=\"1024\" src=\"https:\/\/www.spring-baechler.ch\/wp-content\/uploads\/2022\/03\/Reto-Baechler-1-767x1024.jpg\" alt=\"\" class=\"wp-image-974\" srcset=\"https:\/\/www.spring-baechler.ch\/wp-content\/uploads\/2022\/03\/Reto-Baechler-1-767x1024.jpg 767w, https:\/\/www.spring-baechler.ch\/wp-content\/uploads\/2022\/03\/Reto-Baechler-1-225x300.jpg 225w, https:\/\/www.spring-baechler.ch\/wp-content\/uploads\/2022\/03\/Reto-Baechler-1-768x1025.jpg 768w, https:\/\/www.spring-baechler.ch\/wp-content\/uploads\/2022\/03\/Reto-Baechler-1-1151x1536.jpg 1151w, https:\/\/www.spring-baechler.ch\/wp-content\/uploads\/2022\/03\/Reto-Baechler-1.jpg 1439w\" sizes=\"auto, (max-width: 767px) 100vw, 767px\" \/><\/a><\/figure>\n<\/div><\/div>\n\n\n\n<div class=\"wp-block-column is-layout-flow wp-block-column-is-layout-flow\" style=\"flex-basis:25%\"><\/div>\n<\/div>\n\n\n\n<div class=\"wp-block-columns is-layout-flex wp-container-core-columns-is-layout-9d6595d7 wp-block-columns-is-layout-flex\">\n<div class=\"wp-block-column is-layout-flow wp-block-column-is-layout-flow\">\n<div style=\"height:100px\" aria-hidden=\"true\" class=\"wp-block-spacer\"><\/div>\n<\/div>\n\n\n\n<div class=\"wp-block-column is-layout-flow wp-block-column-is-layout-flow\" style=\"flex-basis:25%\"><div class=\"wp-block-image\">\n<figure class=\"aligncenter size-full is-resized\"><a href=\"https:\/\/www.spring-baechler.ch\/wp-content\/uploads\/2024\/10\/Sladjan-Zivkovic.jpg\" target=\"_blank\" rel=\"noreferrer noopener\"><img loading=\"lazy\" decoding=\"async\" width=\"387\" height=\"600\" src=\"https:\/\/www.spring-baechler.ch\/wp-content\/uploads\/2024\/10\/Sladjan-Zivkovic.jpg\" alt=\"\" class=\"wp-image-1476\" style=\"width:auto;height:400px\"\/><\/a><\/figure>\n<\/div>\n\n\n<p class=\"has-text-align-center\"><strong><em>Sladjan Zivkovic<\/em><\/strong><\/p>\n\n\n\n<p class=\"has-text-align-center\">Kundenbetreuung<br>Werkstattchef-Stv<\/p>\n<\/div>\n\n\n\n<div class=\"wp-block-column is-layout-flow wp-block-column-is-layout-flow\"><div class=\"wp-block-image\">\n<figure class=\"aligncenter size-full is-resized\"><a href=\"https:\/\/www.spring-baechler.ch\/wp-content\/uploads\/2024\/10\/dario_baeriswyl-1.jpg\" target=\"_blank\" rel=\"noreferrer noopener\"><img loading=\"lazy\" decoding=\"async\" width=\"323\" height=\"600\" src=\"https:\/\/www.spring-baechler.ch\/wp-content\/uploads\/2024\/10\/dario_baeriswyl-1.jpg\" alt=\"\" class=\"wp-image-1477\" style=\"width:auto;height:400px\"\/><\/a><\/figure>\n<\/div>\n\n\n<p class=\"has-text-align-center\"><strong><em>Dario Baeriswyl<\/em><\/strong><\/p>\n\n\n\n<p class=\"has-text-align-center\">Automobilfachmann<br>in Ausbildung<\/p>\n<\/div>\n\n\n\n<div class=\"wp-block-column is-layout-flow wp-block-column-is-layout-flow\">\n<figure class=\"wp-block-image size-full is-resized\"><a href=\"https:\/\/www.spring-baechler.ch\/wp-content\/uploads\/2024\/10\/michael-spicher.jpg\" target=\"_blank\" rel=\"noreferrer noopener\"><img loading=\"lazy\" decoding=\"async\" width=\"373\" height=\"600\" src=\"https:\/\/www.spring-baechler.ch\/wp-content\/uploads\/2024\/10\/michael-spicher.jpg\" alt=\"\" class=\"wp-image-1478\" style=\"width:auto;height:400px\"\/><\/a><\/figure>\n\n\n\n<p class=\"has-text-align-center\"><strong><em>Michael Spicher<\/em><\/strong><\/p>\n\n\n\n<p class=\"has-text-align-center\">Administration<\/p>\n<\/div>\n<\/div>\n\n\n\n<div style=\"height:50px\" aria-hidden=\"true\" class=\"wp-block-spacer\"><\/div>\n\n\n\n<div class=\"wp-block-columns is-layout-flex wp-container-core-columns-is-layout-9d6595d7 wp-block-columns-is-layout-flex\">\n<div class=\"wp-block-column is-layout-flow wp-block-column-is-layout-flow\" style=\"flex-basis:33.33%\">\n<p><em><strong>Unser Standort:<\/strong><\/em><\/p>\n<\/div>\n\n\n\n<div class=\"wp-block-column is-layout-flow wp-block-column-is-layout-flow\" style=\"flex-basis:66.66%\">\n<iframe src=\"https:\/\/www.google.com\/maps\/embed?pb=!1m18!1m12!1m3!1d86199.43204117849!2d7.162701244249394!3d46.805470136775746!2m3!1f0!2f0!3f0!3m2!1i1024!2i768!4f13.1!3m3!1m2!1s0x478e69da916beccb%3A0xd49a36c1d15971b!2sGalteren%2019%2C%201712%20Tafers!5e0!3m2!1sde!2sch!4v1659027618540!5m2!1sde!2sch\" width=\"900\" height=\"450\" style=\"border:0;\" allowfullscreen=\"\" loading=\"lazy\" referrerpolicy=\"no-referrer-when-downgrade\"><\/iframe>\n<\/div>\n<\/div>\n\n\n\n<div style=\"height:50px\" aria-hidden=\"true\" class=\"wp-block-spacer\"><\/div>\n\n\n\n<p class=\"has-large-font-size\">Allgemeine Gesch\u00e4ftsbedingungen<\/p>\n\n\n\n<div class=\"wp-block-columns is-layout-flex wp-container-core-columns-is-layout-9d6595d7 wp-block-columns-is-layout-flex\">\n<div class=\"wp-block-column is-layout-flow wp-block-column-is-layout-flow\">\n<p>Unsere allgemeine Gesch\u00e4ftsbedingungen (AGB) der Garage Spring-B\u00e4chler AG, Galteren 19, 1712 Tafers:<\/p>\n<\/div>\n\n\n\n<div class=\"wp-block-column is-layout-flow wp-block-column-is-layout-flow\">\n<figure class=\"wp-block-image size-full is-resized is-style-default\"><a href=\"https:\/\/www.spring-baechler.ch\/wp-content\/uploads\/2022\/04\/AGB-mit-Briefkopf-2022.pdf\" target=\"_blank\" rel=\"noopener\"><img loading=\"lazy\" decoding=\"async\" width=\"510\" height=\"612\" src=\"https:\/\/www.spring-baechler.ch\/wp-content\/uploads\/2022\/03\/logo_pdf.jpg\" alt=\"\" class=\"wp-image-356\" style=\"width:102px;height:122px\" title=\"AGB - Allgemeine Gesch\u00e4ftsbedingungen\" srcset=\"https:\/\/www.spring-baechler.ch\/wp-content\/uploads\/2022\/03\/logo_pdf.jpg 510w, https:\/\/www.spring-baechler.ch\/wp-content\/uploads\/2022\/03\/logo_pdf-250x300.jpg 250w\" sizes=\"auto, (max-width: 510px) 100vw, 510px\" \/><\/a><\/figure>\n<\/div>\n<\/div>\n\n\n\n<p><\/p>\n","protected":false},"excerpt":{"rendered":"<p>Garage Spring-B\u00e4chler AGGalteren 19CH-1712 Tafers Tel.: +41 26 494 22 75E-Mail: info@spring-baechler.ch Reto B\u00e4chler Gesch\u00e4ftsf\u00fchrerKundenbetreuungVerkaufWerkstattchef Sladjan Zivkovic KundenbetreuungWerkstattchef-Stv Dario Baeriswyl Automobilfachmannin Ausbildung Michael Spicher Administration Unser Standort: Allgemeine Gesch\u00e4ftsbedingungen Unsere allgemeine Gesch\u00e4ftsbedingungen (AGB) der Garage Spring-B\u00e4chler AG, Galteren 19, 1712 Tafers:<\/p>\n","protected":false},"author":1,"featured_media":0,"parent":0,"menu_order":80,"comment_status":"closed","ping_status":"closed","template":"","meta":{"ngg_post_thumbnail":0,"footnotes":""},"class_list":["post-107","page","type-page","status-publish","hentry"],"_links":{"self":[{"href":"https:\/\/www.spring-baechler.ch\/index.php?rest_route=\/wp\/v2\/pages\/107","targetHints":{"allow":["GET"]}}],"collection":[{"href":"https:\/\/www.spring-baechler.ch\/index.php?rest_route=\/wp\/v2\/pages"}],"about":[{"href":"https:\/\/www.spring-baechler.ch\/index.php?rest_route=\/wp\/v2\/types\/page"}],"author":[{"embeddable":true,"href":"https:\/\/www.spring-baechler.ch\/index.php?rest_route=\/wp\/v2\/users\/1"}],"replies":[{"embeddable":true,"href":"https:\/\/www.spring-baechler.ch\/index.php?rest_route=%2Fwp%2Fv2%2Fcomments&post=107"}],"version-history":[{"count":0,"href":"https:\/\/www.spring-baechler.ch\/index.php?rest_route=\/wp\/v2\/pages\/107\/revisions"}],"wp:attachment":[{"href":"https:\/\/www.spring-baechler.ch\/index.php?rest_route=%2Fwp%2Fv2%2Fmedia&parent=107"}],"curies":[{"name":"wp","href":"https:\/\/api.w.org\/{rel}","templated":true}]}}